{"id":5291,"date":"2026-01-28T14:40:41","date_gmt":"2026-01-28T13:40:41","guid":{"rendered":"https:\/\/mauricicot.com\/?post_type=product&#038;p=5291"},"modified":"2026-01-29T18:48:55","modified_gmt":"2026-01-29T17:48:55","slug":"chocolate-negro-65-esmeraldas","status":"publish","type":"product","link":"https:\/\/mauricicot.com\/es\/tabletas-de-chocolate\/chocolate-negro-65-esmeraldas\/","title":{"rendered":"Chocolate 65% Esmerladas"},"content":{"rendered":"<p>Tableta de chocolate negro 65% elaborado con cacao de origen Ecuador (Esmeraldas).<br \/>\nPresenta notas florales, de frutas tropicales y frutos secos, con sabor equilibrado y arom\u00e1tico.<br \/>\nElaborada s\u00f3lo con pasta de cacao, az\u00facar de ca\u00f1a y mantequilla de cacao.<\/p>\n","protected":false},"excerpt":{"rendered":"<h2><span style=\"font-size: 24pt;\">Chocolate negro 65% cacao<\/span><\/h2>\n<p><span style=\"font-size: 10pt;\">Formato: tableta de 90 g.<br \/>\nAl\u00e9rgenos: soja.<br \/>\nPuede contener trazas de frutos secos, cacahuete, s\u00e9samo, leche sin lactosa.<\/span><\/p>\n","protected":false},"featured_media":5350,"template":"","meta":{"_et_pb_use_builder":"","_et_pb_old_content":"","_et_gb_content_width":""},"product_brand":[],"product_cat":[95,94,91],"product_tag":[96,93],"class_list":{"0":"post-5291","1":"product","2":"type-product","3":"status-publish","4":"has-post-thumbnail","6":"product_cat-tabletas-de-chocolate","7":"product_cat-vegan-es","8":"product_cat-productos-maurici","9":"product_tag-enviament","10":"product_tag-recollida","12":"first","13":"instock","14":"shipping-taxable","15":"purchasable","16":"product-type-simple"},"_links":{"self":[{"href":"https:\/\/mauricicot.com\/es\/wp-json\/wp\/v2\/product\/5291","targetHints":{"allow":["GET"]}}],"collection":[{"href":"https:\/\/mauricicot.com\/es\/wp-json\/wp\/v2\/product"}],"about":[{"href":"https:\/\/mauricicot.com\/es\/wp-json\/wp\/v2\/types\/product"}],"wp:featuredmedia":[{"embeddable":true,"href":"https:\/\/mauricicot.com\/es\/wp-json\/wp\/v2\/media\/5350"}],"wp:attachment":[{"href":"https:\/\/mauricicot.com\/es\/wp-json\/wp\/v2\/media?parent=5291"}],"wp:term":[{"taxonomy":"product_brand","embeddable":true,"href":"https:\/\/mauricicot.com\/es\/wp-json\/wp\/v2\/product_brand?post=5291"},{"taxonomy":"product_cat","embeddable":true,"href":"https:\/\/mauricicot.com\/es\/wp-json\/wp\/v2\/product_cat?post=5291"},{"taxonomy":"product_tag","embeddable":true,"href":"https:\/\/mauricicot.com\/es\/wp-json\/wp\/v2\/product_tag?post=5291"}],"curies":[{"name":"wp","href":"https:\/\/api.w.org\/{rel}","templated":true}]}}