{"id":5140,"date":"2025-12-16T10:54:56","date_gmt":"2025-12-16T09:54:57","guid":{"rendered":"https:\/\/mauricicot.com\/?post_type=product&#038;p=5140"},"modified":"2025-12-16T11:20:11","modified_gmt":"2025-12-16T10:20:11","slug":"fruta-de-la-pasion-vegano","status":"publish","type":"product","link":"https:\/\/mauricicot.com\/es\/vegan-es\/fruta-de-la-pasion-vegano\/","title":{"rendered":"Fruta de la pasi\u00f3n vegano"},"content":{"rendered":"<p>Nuestro pastel Fruta de la pasi\u00f3n, \u00a1ahora tambi\u00e9n en versi\u00f3n vegana! Est\u00e1 elaborado con fruta de la pasi\u00f3n\/maracuy\u00e1, una fruta ex\u00f3tica, que combina perfectamente con la avellana y el chocolate. Lo que sorprende de esta tarta es el contraste de texturas y de sabores muy marcados.<\/p>\n","protected":false},"excerpt":{"rendered":"<h2>Bizcocho de avellanas, crujiente de pralin\u00e9 de avellana, crema de fruta de la pasi\u00f3n, mousse de chocolate negro 62% cacao origen Ecuador, glaseado de cacao<\/h2>\n<p><span style=\"font-size: 10pt;\">Al\u00e9rgenos: avellana y soja.<br \/>\nPuede contener trazas de otros frutos secos, huevo, cacahuete, s\u00e9samo y sulfitos.<\/span><\/p>\n","protected":false},"featured_media":3146,"template":"","meta":{"_et_pb_use_builder":"","_et_pb_old_content":"","_et_gb_content_width":""},"product_brand":[],"product_cat":[94,91,90],"product_tag":[93],"class_list":{"0":"post-5140","1":"product","2":"type-product","3":"status-publish","4":"has-post-thumbnail","6":"product_cat-vegan-es","7":"product_cat-productos-maurici","8":"product_cat-pasteleria","9":"product_tag-recollida","10":"product_shipping_class-recogida-en-llinars-del-valles","12":"first","13":"instock","14":"shipping-taxable","15":"purchasable","16":"product-type-variable"},"_links":{"self":[{"href":"https:\/\/mauricicot.com\/es\/wp-json\/wp\/v2\/product\/5140","targetHints":{"allow":["GET"]}}],"collection":[{"href":"https:\/\/mauricicot.com\/es\/wp-json\/wp\/v2\/product"}],"about":[{"href":"https:\/\/mauricicot.com\/es\/wp-json\/wp\/v2\/types\/product"}],"wp:featuredmedia":[{"embeddable":true,"href":"https:\/\/mauricicot.com\/es\/wp-json\/wp\/v2\/media\/3146"}],"wp:attachment":[{"href":"https:\/\/mauricicot.com\/es\/wp-json\/wp\/v2\/media?parent=5140"}],"wp:term":[{"taxonomy":"product_brand","embeddable":true,"href":"https:\/\/mauricicot.com\/es\/wp-json\/wp\/v2\/product_brand?post=5140"},{"taxonomy":"product_cat","embeddable":true,"href":"https:\/\/mauricicot.com\/es\/wp-json\/wp\/v2\/product_cat?post=5140"},{"taxonomy":"product_tag","embeddable":true,"href":"https:\/\/mauricicot.com\/es\/wp-json\/wp\/v2\/product_tag?post=5140"}],"curies":[{"name":"wp","href":"https:\/\/api.w.org\/{rel}","templated":true}]}}