{"id":4510,"date":"2024-11-27T17:52:43","date_gmt":"2024-11-27T17:52:43","guid":{"rendered":"https:\/\/mauricicot.com\/?post_type=product&#038;p=4510"},"modified":"2025-12-01T16:32:52","modified_gmt":"2025-12-01T15:32:52","slug":"panettone-clasico","status":"publish","type":"product","link":"https:\/\/mauricicot.com\/es\/navidad-sin-gluten\/panettone-clasico\/","title":{"rendered":"Panettone cl\u00e1sico"},"content":{"rendered":"<p>El dulce tradicional de la Navidad italiana, llega sin gluten ni lactosa, en su versi\u00f3n cl\u00e1sica con pasas, naranja confitada y cidro confitado. Hecho a mano con una fermentaci\u00f3n de 24 horas.<br \/>\n<strong>Contiene<\/strong> <span style=\"font-size: 10pt;\"><strong>trigo desglutinado.<\/strong><\/span><\/p>\n","protected":false},"excerpt":{"rendered":"<h2><span style=\"font-size: 24pt;\">Panettone cl\u00e1sico<\/span><\/h2>\n<p><span style=\"font-size: 10pt;\">Formato: 700 g.<br \/>\nAl\u00e9rgenos: <strong>prote\u00edna de la leche<\/strong> (contiene leche sin lactosa),<strong>\u00a0huevo, y trigo desglutinado. <\/strong>Puede contener trazas de soja, frutos secos, cacahuetes y mostaza.<\/span><\/p>\n<p>&nbsp;<\/p>\n","protected":false},"featured_media":4504,"template":"","meta":{"_et_pb_use_builder":"","_et_pb_old_content":"","_et_gb_content_width":""},"product_brand":[],"product_cat":[134,91],"product_tag":[96,93],"class_list":{"0":"post-4510","1":"product","2":"type-product","3":"status-publish","4":"has-post-thumbnail","6":"product_cat-navidad-sin-gluten","7":"product_cat-productos-maurici","8":"product_tag-enviament","9":"product_tag-recollida","11":"first","12":"outofstock","13":"shipping-taxable","14":"purchasable","15":"product-type-simple"},"_links":{"self":[{"href":"https:\/\/mauricicot.com\/es\/wp-json\/wp\/v2\/product\/4510","targetHints":{"allow":["GET"]}}],"collection":[{"href":"https:\/\/mauricicot.com\/es\/wp-json\/wp\/v2\/product"}],"about":[{"href":"https:\/\/mauricicot.com\/es\/wp-json\/wp\/v2\/types\/product"}],"wp:featuredmedia":[{"embeddable":true,"href":"https:\/\/mauricicot.com\/es\/wp-json\/wp\/v2\/media\/4504"}],"wp:attachment":[{"href":"https:\/\/mauricicot.com\/es\/wp-json\/wp\/v2\/media?parent=4510"}],"wp:term":[{"taxonomy":"product_brand","embeddable":true,"href":"https:\/\/mauricicot.com\/es\/wp-json\/wp\/v2\/product_brand?post=4510"},{"taxonomy":"product_cat","embeddable":true,"href":"https:\/\/mauricicot.com\/es\/wp-json\/wp\/v2\/product_cat?post=4510"},{"taxonomy":"product_tag","embeddable":true,"href":"https:\/\/mauricicot.com\/es\/wp-json\/wp\/v2\/product_tag?post=4510"}],"curies":[{"name":"wp","href":"https:\/\/api.w.org\/{rel}","templated":true}]}}