{"id":4508,"date":"2025-12-04T11:54:10","date_gmt":"2025-12-04T11:13:42","guid":{"rendered":"https:\/\/mauricicot.com\/?post_type=product&#038;p=4508"},"modified":"2025-12-04T12:13:43","modified_gmt":"2025-12-04T11:13:43","slug":"turron-de-cafe","status":"publish","type":"product","link":"https:\/\/mauricicot.com\/es\/navidad-sin-gluten\/turron-de-cafe\/","title":{"rendered":"Turr\u00f3n de caf\u00e9"},"content":{"rendered":"<p>Turr\u00f3n de chocolate negro y caf\u00e9, una combinaci\u00f3n \u00a1que despierta todos los sentidos!<\/p>\n","protected":false},"excerpt":{"rendered":"<h2><span style=\"font-size: 24pt;\">Turr\u00f3n con ganache de caf\u00e9<\/span><\/h2>\n<p><span style=\"font-size: 10pt;\">Formato: 140 g.<br \/>\nAl\u00e9rgenos: huevo y soja. Puede contener trazas de frutos secos, cacahuete, s\u00e9samo y leche sin lactosa.\u00a0Contiene\u00a0sorbitol.<\/span><\/p>\n<p>&nbsp;<\/p>\n","protected":false},"featured_media":4498,"template":"","meta":{"_et_pb_use_builder":"","_et_pb_old_content":"","_et_gb_content_width":""},"product_brand":[],"product_cat":[134,91],"product_tag":[96,93],"class_list":{"0":"post-4508","1":"product","2":"type-product","3":"status-publish","4":"has-post-thumbnail","6":"product_cat-navidad-sin-gluten","7":"product_cat-productos-maurici","8":"product_tag-enviament","9":"product_tag-recollida","11":"first","12":"outofstock","13":"shipping-taxable","14":"purchasable","15":"product-type-simple"},"_links":{"self":[{"href":"https:\/\/mauricicot.com\/es\/wp-json\/wp\/v2\/product\/4508","targetHints":{"allow":["GET"]}}],"collection":[{"href":"https:\/\/mauricicot.com\/es\/wp-json\/wp\/v2\/product"}],"about":[{"href":"https:\/\/mauricicot.com\/es\/wp-json\/wp\/v2\/types\/product"}],"wp:featuredmedia":[{"embeddable":true,"href":"https:\/\/mauricicot.com\/es\/wp-json\/wp\/v2\/media\/4498"}],"wp:attachment":[{"href":"https:\/\/mauricicot.com\/es\/wp-json\/wp\/v2\/media?parent=4508"}],"wp:term":[{"taxonomy":"product_brand","embeddable":true,"href":"https:\/\/mauricicot.com\/es\/wp-json\/wp\/v2\/product_brand?post=4508"},{"taxonomy":"product_cat","embeddable":true,"href":"https:\/\/mauricicot.com\/es\/wp-json\/wp\/v2\/product_cat?post=4508"},{"taxonomy":"product_tag","embeddable":true,"href":"https:\/\/mauricicot.com\/es\/wp-json\/wp\/v2\/product_tag?post=4508"}],"curies":[{"name":"wp","href":"https:\/\/api.w.org\/{rel}","templated":true}]}}