{"id":3580,"date":"2025-12-04T11:54:10","date_gmt":"2025-12-04T11:13:42","guid":{"rendered":"https:\/\/mauricicot.com\/?post_type=product&#038;p=3580"},"modified":"2025-12-04T12:13:42","modified_gmt":"2025-12-04T11:13:42","slug":"turron-de-pistacho-frambuesa","status":"publish","type":"product","link":"https:\/\/mauricicot.com\/es\/navidad-sin-gluten\/turron-de-pistacho-frambuesa\/","title":{"rendered":"Turr\u00f3n de pistacho y frambuesa"},"content":{"rendered":"<p>Un turr\u00f3n con una combinaci\u00f3n de sabores afrancesada, que contrasta con la intensidad del chocolate negro.<\/p>\n","protected":false},"excerpt":{"rendered":"<h2><span style=\"font-size: 24pt;\">Turr\u00f3n de pistacho y frambuesa<\/span><\/h2>\n<p><span style=\"font-size: 10pt;\">Formato: 160g<br \/>\nAl\u00e9rgenos: pistacho, soja y almendra.<br \/>\nPuede contener trazas de otros frutos secos, cacahuete, s\u00e9samo, huevo.<\/span><\/p>\n","protected":false},"featured_media":3575,"template":"","meta":{"_et_pb_use_builder":"","_et_pb_old_content":"","_et_gb_content_width":""},"product_brand":[],"product_cat":[134,91],"product_tag":[96,93],"class_list":{"0":"post-3580","1":"product","2":"type-product","3":"status-publish","4":"has-post-thumbnail","6":"product_cat-navidad-sin-gluten","7":"product_cat-productos-maurici","8":"product_tag-enviament","9":"product_tag-recollida","11":"first","12":"outofstock","13":"shipping-taxable","14":"purchasable","15":"product-type-simple"},"_links":{"self":[{"href":"https:\/\/mauricicot.com\/es\/wp-json\/wp\/v2\/product\/3580","targetHints":{"allow":["GET"]}}],"collection":[{"href":"https:\/\/mauricicot.com\/es\/wp-json\/wp\/v2\/product"}],"about":[{"href":"https:\/\/mauricicot.com\/es\/wp-json\/wp\/v2\/types\/product"}],"wp:featuredmedia":[{"embeddable":true,"href":"https:\/\/mauricicot.com\/es\/wp-json\/wp\/v2\/media\/3575"}],"wp:attachment":[{"href":"https:\/\/mauricicot.com\/es\/wp-json\/wp\/v2\/media?parent=3580"}],"wp:term":[{"taxonomy":"product_brand","embeddable":true,"href":"https:\/\/mauricicot.com\/es\/wp-json\/wp\/v2\/product_brand?post=3580"},{"taxonomy":"product_cat","embeddable":true,"href":"https:\/\/mauricicot.com\/es\/wp-json\/wp\/v2\/product_cat?post=3580"},{"taxonomy":"product_tag","embeddable":true,"href":"https:\/\/mauricicot.com\/es\/wp-json\/wp\/v2\/product_tag?post=3580"}],"curies":[{"name":"wp","href":"https:\/\/api.w.org\/{rel}","templated":true}]}}