{"id":3293,"date":"2025-12-04T11:52:51","date_gmt":"2025-12-04T11:13:44","guid":{"rendered":"https:\/\/mauricicot.com\/sin%20categor\u00eda\/turron-de-musico\/"},"modified":"2025-12-04T12:13:44","modified_gmt":"2025-12-04T11:13:44","slug":"turron-musico","status":"publish","type":"product","link":"https:\/\/mauricicot.com\/es\/navidad-sin-gluten\/turron-musico\/","title":{"rendered":"Turr\u00f3n de m\u00fasico"},"content":{"rendered":"<p>El turr\u00f3n de frutos secos no necesita demasiadas explicaciones, lleva una base de chocolate del 54% de cacao y frutos secos variados.<\/p>\n","protected":false},"excerpt":{"rendered":"<h2><span style=\"font-size: 24pt;\">Turr\u00f3n de chocolate con frutos secos variados<\/span><\/h2>\n<p><span style=\"font-size: 10pt;\">Formato: 130g<br \/>\nAl\u00e9rgenos: avellana, almendra, pistacho, nueces y soja.<br \/>\nPuede contener trazas de otros frutos secos con c\u00e1scara, huevo, s\u00e9samo, leche sin lactosa.<\/span><\/p>\n","protected":false},"featured_media":3294,"template":"","meta":{"_et_pb_use_builder":"","_et_pb_old_content":"","_et_gb_content_width":""},"product_brand":[],"product_cat":[134,91],"product_tag":[96,93],"class_list":{"0":"post-3293","1":"product","2":"type-product","3":"status-publish","4":"has-post-thumbnail","6":"product_cat-navidad-sin-gluten","7":"product_cat-productos-maurici","8":"product_tag-enviament","9":"product_tag-recollida","11":"first","12":"outofstock","13":"shipping-taxable","14":"purchasable","15":"product-type-simple"},"_links":{"self":[{"href":"https:\/\/mauricicot.com\/es\/wp-json\/wp\/v2\/product\/3293","targetHints":{"allow":["GET"]}}],"collection":[{"href":"https:\/\/mauricicot.com\/es\/wp-json\/wp\/v2\/product"}],"about":[{"href":"https:\/\/mauricicot.com\/es\/wp-json\/wp\/v2\/types\/product"}],"wp:featuredmedia":[{"embeddable":true,"href":"https:\/\/mauricicot.com\/es\/wp-json\/wp\/v2\/media\/3294"}],"wp:attachment":[{"href":"https:\/\/mauricicot.com\/es\/wp-json\/wp\/v2\/media?parent=3293"}],"wp:term":[{"taxonomy":"product_brand","embeddable":true,"href":"https:\/\/mauricicot.com\/es\/wp-json\/wp\/v2\/product_brand?post=3293"},{"taxonomy":"product_cat","embeddable":true,"href":"https:\/\/mauricicot.com\/es\/wp-json\/wp\/v2\/product_cat?post=3293"},{"taxonomy":"product_tag","embeddable":true,"href":"https:\/\/mauricicot.com\/es\/wp-json\/wp\/v2\/product_tag?post=3293"}],"curies":[{"name":"wp","href":"https:\/\/api.w.org\/{rel}","templated":true}]}}