{"id":3277,"date":"2020-11-18T12:35:15","date_gmt":"2022-08-08T09:17:34","guid":{"rendered":"https:\/\/mauricicot.com\/Sense categoria\/borregos-sin-gluten\/"},"modified":"2022-08-08T09:17:34","modified_gmt":"2022-08-08T09:17:34","slug":"borregos-sin-gluten","status":"publish","type":"product","link":"https:\/\/mauricicot.com\/es\/bolleria\/borregos-sin-gluten\/","title":{"rendered":"Borregos sin gluten"},"content":{"rendered":"<p>El Borrego es un dulce tradicional de Cardedeu hecho de una masa de brioche con an\u00eds y secado al horno. Nosotros hemos realizado la versi\u00f3n sin gluten y apto tambi\u00e9n para veganos. Para quienes no lo conozcan es similar a un carqui\u00f1oli, pero sin frutos secos, con el sabor caracter\u00edstico de an\u00eds verde y algo m\u00e1s duro.<\/p>\n","protected":false},"excerpt":{"rendered":"<h2><span style=\"font-size: 24pt;\">Borregos sin gluten<\/span><\/h2>\n<p><span style=\"font-size: 10pt;\">Formato: bolsa de polipropileno de 150g<\/span><br \/>\n<span style=\"font-size: 10pt;\">Al\u00e9rgenos: soja.<br \/>\nPuede contener trazas de frutos secos, huevo, cacahuete, s\u00e9samo, leche sin lactosa.<\/span><\/p>\n","protected":false},"featured_media":3278,"template":"","meta":{"_et_pb_use_builder":"","_et_pb_old_content":"","_et_gb_content_width":""},"product_brand":[],"product_cat":[132,94,91],"product_tag":[96,93],"class_list":{"0":"post-3277","1":"product","2":"type-product","3":"status-publish","4":"has-post-thumbnail","6":"product_cat-bolleria","7":"product_cat-vegan-es","8":"product_cat-productos-maurici","9":"product_tag-enviament","10":"product_tag-recollida","12":"first","13":"outofstock","14":"shipping-taxable","15":"purchasable","16":"product-type-simple"},"_links":{"self":[{"href":"https:\/\/mauricicot.com\/es\/wp-json\/wp\/v2\/product\/3277","targetHints":{"allow":["GET"]}}],"collection":[{"href":"https:\/\/mauricicot.com\/es\/wp-json\/wp\/v2\/product"}],"about":[{"href":"https:\/\/mauricicot.com\/es\/wp-json\/wp\/v2\/types\/product"}],"wp:featuredmedia":[{"embeddable":true,"href":"https:\/\/mauricicot.com\/es\/wp-json\/wp\/v2\/media\/3278"}],"wp:attachment":[{"href":"https:\/\/mauricicot.com\/es\/wp-json\/wp\/v2\/media?parent=3277"}],"wp:term":[{"taxonomy":"product_brand","embeddable":true,"href":"https:\/\/mauricicot.com\/es\/wp-json\/wp\/v2\/product_brand?post=3277"},{"taxonomy":"product_cat","embeddable":true,"href":"https:\/\/mauricicot.com\/es\/wp-json\/wp\/v2\/product_cat?post=3277"},{"taxonomy":"product_tag","embeddable":true,"href":"https:\/\/mauricicot.com\/es\/wp-json\/wp\/v2\/product_tag?post=3277"}],"curies":[{"name":"wp","href":"https:\/\/api.w.org\/{rel}","templated":true}]}}