{"id":3246,"date":"2020-10-26T12:24:57","date_gmt":"2022-08-03T13:52:19","guid":{"rendered":"https:\/\/mauricicot.com\/Sense%20categoria\/harina-de-trigo-sarraceno\/"},"modified":"2022-08-03T13:52:36","modified_gmt":"2022-08-03T13:52:36","slug":"harina-sarraceno","status":"publish","type":"product","link":"https:\/\/mauricicot.com\/es\/no-publicados\/harina-sarraceno\/","title":{"rendered":"Harina de trigo sarraceno"},"content":{"rendered":"<p>Harina de trigo sarraceno ideal para elaboraciones sin gluten tipo pan, bizcocho, galletas, magdalenas, crepes, masa sabl\u00e9e&#8230; Una buena manera de utilizar la harina de trigo sarraceno para hacer pan u otras elaboraciones, es mezclarla con otras harinas como el almid\u00f3n de ma\u00edz o la f\u00e9cula de patata que le da esponjosidad y ternura. Es una harina que aporta muchos nutrientes y da buen gusto a las elaboraciones recordando a la harina de trigo.<\/p>\n","protected":false},"excerpt":{"rendered":"<h2><span style=\"font-size: 24pt;\">Harina de trigo sarraceno<\/span><\/h2>\n<p><span style=\"font-size: 10pt;\">Formato: bolsa de polipropileno de 500g<br \/>\nAl\u00e9rgenos: no tiene.<br \/>\n<\/span><\/p>\n","protected":false},"featured_media":1316,"template":"","meta":{"_et_pb_use_builder":"off","_et_pb_old_content":"Harina de trigo sarraceno ideal para elaboraciones sin gluten tipo pan, bizcocho, galletas, magdalenas, crepes, masa sabl\u00e9e... Una buena manera de utilizar la harina de trigo sarraceno para hacer pan u otras elaboraciones, es mezclarla con otras harinas como el almid\u00f3n de ma\u00edz o la f\u00e9cula de patata que le da esponjosidad y ternura. Es una harina que aporta muchos nutrientes y da buen gusto a las elaboraciones recordando a la harina de trigo.","_et_gb_content_width":""},"product_brand":[],"product_cat":[130],"product_tag":[96,93],"class_list":{"0":"post-3246","1":"product","2":"type-product","3":"status-publish","4":"has-post-thumbnail","6":"product_cat-no-publicados","7":"product_tag-enviament","8":"product_tag-recollida","10":"first","11":"outofstock","12":"shipping-taxable","13":"purchasable","14":"product-type-simple"},"_links":{"self":[{"href":"https:\/\/mauricicot.com\/es\/wp-json\/wp\/v2\/product\/3246","targetHints":{"allow":["GET"]}}],"collection":[{"href":"https:\/\/mauricicot.com\/es\/wp-json\/wp\/v2\/product"}],"about":[{"href":"https:\/\/mauricicot.com\/es\/wp-json\/wp\/v2\/types\/product"}],"wp:featuredmedia":[{"embeddable":true,"href":"https:\/\/mauricicot.com\/es\/wp-json\/wp\/v2\/media\/1316"}],"wp:attachment":[{"href":"https:\/\/mauricicot.com\/es\/wp-json\/wp\/v2\/media?parent=3246"}],"wp:term":[{"taxonomy":"product_brand","embeddable":true,"href":"https:\/\/mauricicot.com\/es\/wp-json\/wp\/v2\/product_brand?post=3246"},{"taxonomy":"product_cat","embeddable":true,"href":"https:\/\/mauricicot.com\/es\/wp-json\/wp\/v2\/product_cat?post=3246"},{"taxonomy":"product_tag","embeddable":true,"href":"https:\/\/mauricicot.com\/es\/wp-json\/wp\/v2\/product_tag?post=3246"}],"curies":[{"name":"wp","href":"https:\/\/api.w.org\/{rel}","templated":true}]}}