{"id":3245,"date":"2020-10-26T12:26:01","date_gmt":"2022-08-03T13:49:14","guid":{"rendered":"https:\/\/mauricicot.com\/Sense categoria\/almidon-de-maiz\/"},"modified":"2022-08-03T13:49:14","modified_gmt":"2022-08-03T13:49:14","slug":"almidon-maiz","status":"publish","type":"product","link":"https:\/\/mauricicot.com\/es\/no-publicados\/almidon-maiz\/","title":{"rendered":"Almid\u00f3n de ma\u00edz"},"content":{"rendered":"<p>Almid\u00f3n de ma\u00edz conocido tambi\u00e9n como maicena, es ideal para elaboraciones sin gluten tipo bizcocho, pan, galletas, magdalenas, crepes, demasiado sabl\u00e9e, para rebozar&#8230; Una buena manera de utilizar el almid\u00f3n de ma\u00edz para cualquier elaboraci\u00f3n es mezclarla con otras harinas como la harina de arroz o el trigo sarraceno que les da esponjosidad, ternura y buen sabor.<\/p>\n","protected":false},"excerpt":{"rendered":"<h2><span style=\"font-size: 24pt;\">Almid\u00f3n de ma\u00edz<\/span><\/h2>\n<p><span style=\"font-size: 10pt;\">Formato: bolsa de polipropileno de 500g<br \/>\nAl\u00e9rgenos: no tiene<br \/>\n<\/span><\/p>\n","protected":false},"featured_media":3239,"template":"","meta":{"_et_pb_use_builder":"","_et_pb_old_content":"","_et_gb_content_width":""},"product_brand":[],"product_cat":[130],"product_tag":[96,93],"class_list":{"0":"post-3245","1":"product","2":"type-product","3":"status-publish","4":"has-post-thumbnail","6":"product_cat-no-publicados","7":"product_tag-enviament","8":"product_tag-recollida","10":"first","11":"outofstock","12":"shipping-taxable","13":"purchasable","14":"product-type-simple"},"_links":{"self":[{"href":"https:\/\/mauricicot.com\/es\/wp-json\/wp\/v2\/product\/3245","targetHints":{"allow":["GET"]}}],"collection":[{"href":"https:\/\/mauricicot.com\/es\/wp-json\/wp\/v2\/product"}],"about":[{"href":"https:\/\/mauricicot.com\/es\/wp-json\/wp\/v2\/types\/product"}],"wp:featuredmedia":[{"embeddable":true,"href":"https:\/\/mauricicot.com\/es\/wp-json\/wp\/v2\/media\/3239"}],"wp:attachment":[{"href":"https:\/\/mauricicot.com\/es\/wp-json\/wp\/v2\/media?parent=3245"}],"wp:term":[{"taxonomy":"product_brand","embeddable":true,"href":"https:\/\/mauricicot.com\/es\/wp-json\/wp\/v2\/product_brand?post=3245"},{"taxonomy":"product_cat","embeddable":true,"href":"https:\/\/mauricicot.com\/es\/wp-json\/wp\/v2\/product_cat?post=3245"},{"taxonomy":"product_tag","embeddable":true,"href":"https:\/\/mauricicot.com\/es\/wp-json\/wp\/v2\/product_tag?post=3245"}],"curies":[{"name":"wp","href":"https:\/\/api.w.org\/{rel}","templated":true}]}}