{"id":3242,"date":"2020-10-26T12:26:06","date_gmt":"2022-08-03T13:44:28","guid":{"rendered":"https:\/\/mauricicot.com\/Sense%20categoria\/velas-tipo-1\/"},"modified":"2022-08-03T13:44:32","modified_gmt":"2022-08-03T13:44:32","slug":"velas-tipo-1","status":"publish","type":"product","link":"https:\/\/mauricicot.com\/es\/no-publicados\/velas-tipo-1\/","title":{"rendered":"Velas tipo 1"},"content":{"rendered":"<p>Velas de chocolate negro con un 54% de cacao. Es un chocolate equilibrado, arom\u00e1tico y dulce, con un tostado suave y sabor a cacao intenso con notas afrutadas. Ideal para acompa\u00f1ar galletas, pastas de t\u00e9&#8230; O incluso para merendar pan con aceite y chocolate, eso s\u00ed, si lo haces no te olvides de poner un punto de sal \ud83d\ude09<\/p>\n","protected":false},"excerpt":{"rendered":"<h2><span style=\"font-size: 24pt;\">Chocolate negro 54% cacao<\/span><\/h2>\n<p><span style=\"font-size: 10pt;\">Formato:<br \/>\nAl\u00e9rgenos: soja<br \/>\nPuede contener trazas de frutos secos, cacahuete, s\u00e9samo, leche sin lactosa.<\/span><\/p>\n","protected":false},"featured_media":0,"template":"","meta":{"_et_pb_use_builder":"","_et_pb_old_content":"","_et_gb_content_width":""},"product_brand":[],"product_cat":[130],"product_tag":[96,93],"class_list":{"0":"post-3242","1":"product","2":"type-product","3":"status-publish","5":"product_cat-no-publicados","6":"product_tag-enviament","7":"product_tag-recollida","9":"first","10":"outofstock","11":"shipping-taxable","12":"purchasable","13":"product-type-simple"},"_links":{"self":[{"href":"https:\/\/mauricicot.com\/es\/wp-json\/wp\/v2\/product\/3242","targetHints":{"allow":["GET"]}}],"collection":[{"href":"https:\/\/mauricicot.com\/es\/wp-json\/wp\/v2\/product"}],"about":[{"href":"https:\/\/mauricicot.com\/es\/wp-json\/wp\/v2\/types\/product"}],"wp:attachment":[{"href":"https:\/\/mauricicot.com\/es\/wp-json\/wp\/v2\/media?parent=3242"}],"wp:term":[{"taxonomy":"product_brand","embeddable":true,"href":"https:\/\/mauricicot.com\/es\/wp-json\/wp\/v2\/product_brand?post=3242"},{"taxonomy":"product_cat","embeddable":true,"href":"https:\/\/mauricicot.com\/es\/wp-json\/wp\/v2\/product_cat?post=3242"},{"taxonomy":"product_tag","embeddable":true,"href":"https:\/\/mauricicot.com\/es\/wp-json\/wp\/v2\/product_tag?post=3242"}],"curies":[{"name":"wp","href":"https:\/\/api.w.org\/{rel}","templated":true}]}}