{"id":3236,"date":"2020-10-26T13:09:52","date_gmt":"2022-08-03T13:39:57","guid":{"rendered":"https:\/\/mauricicot.com\/Sense%20categoria\/fecula-de-tapioca\/"},"modified":"2022-08-03T13:40:00","modified_gmt":"2022-08-03T13:40:00","slug":"fecula-tapioca-es","status":"publish","type":"product","link":"https:\/\/mauricicot.com\/es\/no-publicados\/fecula-tapioca-es\/","title":{"rendered":"F\u00e9cula de tapioca"},"content":{"rendered":"<p>F\u00e9cula de tapioca o mandioca, se extrae del tub\u00e9rculo de la yuca, es ideal para masas fermentadas sin gluten como pan, bollo, donuts, croissants&#8230; Una buena manera de utilizar la f\u00e9cula de tapioca para cualquier elaboraci\u00f3n de una masa fermentada es mezclarla con otras harinas como la harina de arroz, almid\u00f3n de ma\u00edz o el trigo sarraceno. La tapioca, que tiene una gran capacidad de retenci\u00f3n del agua, aporta tambi\u00e9n nutrientes y mucha elasticidad en la masa creando una red viscosa que favorece el aumento de volumen durante la fermentaci\u00f3n y sobre todo en la cocci\u00f3n del producto en s\u00ed. Con un 30% de tapioca es suficiente para ayudar a crear esta estructura el\u00e1stica en la masa.<\/p>\n","protected":false},"excerpt":{"rendered":"<h2><span style=\"font-size: 24pt;\">F\u00e9cula de tapioca<\/span><\/h2>\n<p><span style=\"font-size: 10pt;\">Formato: bolsa de polipropileno de 500g<br \/>\nAl\u00e9rgenos: no tiene.<br \/>\n<\/span><\/p>\n","protected":false},"featured_media":3237,"template":"","meta":{"_et_pb_use_builder":"","_et_pb_old_content":"","_et_gb_content_width":""},"product_brand":[],"product_cat":[130],"product_tag":[96,93],"class_list":{"0":"post-3236","1":"product","2":"type-product","3":"status-publish","4":"has-post-thumbnail","6":"product_cat-no-publicados","7":"product_tag-enviament","8":"product_tag-recollida","10":"first","11":"outofstock","12":"shipping-taxable","13":"purchasable","14":"product-type-simple"},"_links":{"self":[{"href":"https:\/\/mauricicot.com\/es\/wp-json\/wp\/v2\/product\/3236","targetHints":{"allow":["GET"]}}],"collection":[{"href":"https:\/\/mauricicot.com\/es\/wp-json\/wp\/v2\/product"}],"about":[{"href":"https:\/\/mauricicot.com\/es\/wp-json\/wp\/v2\/types\/product"}],"wp:featuredmedia":[{"embeddable":true,"href":"https:\/\/mauricicot.com\/es\/wp-json\/wp\/v2\/media\/3237"}],"wp:attachment":[{"href":"https:\/\/mauricicot.com\/es\/wp-json\/wp\/v2\/media?parent=3236"}],"wp:term":[{"taxonomy":"product_brand","embeddable":true,"href":"https:\/\/mauricicot.com\/es\/wp-json\/wp\/v2\/product_brand?post=3236"},{"taxonomy":"product_cat","embeddable":true,"href":"https:\/\/mauricicot.com\/es\/wp-json\/wp\/v2\/product_cat?post=3236"},{"taxonomy":"product_tag","embeddable":true,"href":"https:\/\/mauricicot.com\/es\/wp-json\/wp\/v2\/product_tag?post=3236"}],"curies":[{"name":"wp","href":"https:\/\/api.w.org\/{rel}","templated":true}]}}