{"id":3228,"date":"2020-10-27T19:58:09","date_gmt":"2022-08-03T13:29:44","guid":{"rendered":"https:\/\/mauricicot.com\/Sense%20categoria\/cacao-en-polvo\/"},"modified":"2024-11-27T11:49:48","modified_gmt":"2024-11-27T11:49:48","slug":"cacao-polvo-sin-gluten","status":"publish","type":"product","link":"https:\/\/mauricicot.com\/es\/tabletas-de-chocolate\/cacao-polvo-sin-gluten\/","title":{"rendered":"Cacao en polvo"},"content":{"rendered":"<p>Cacao en polvo 100%, para cualquier aplicaci\u00f3n de pasteler\u00eda que se quiera dar sabor a chocolate. Se puede a\u00f1adir a las harinas (recomendado) o a los l\u00edquidos sustituyendo entre un 10-20% de harina por cacao en polvo. Tambi\u00e9n se puede a\u00f1adir a un vaso de leche o bebida vegetal en sustituci\u00f3n a otros preparados azucarados.<\/p>\n","protected":false},"excerpt":{"rendered":"<h2><span style=\"font-size: 24pt;\">Cacao en polvo 100%<\/span><\/h2>\n<p><span style=\"font-size: 10pt;\">Formato: bolsa de polipropileno de 150 g.<br \/>\nAl\u00e9rgenos: no tiene.<br \/>\n<\/span><\/p>\n","protected":false},"featured_media":1261,"template":"","meta":{"_et_pb_use_builder":"","_et_pb_old_content":"","_et_gb_content_width":""},"product_brand":[],"product_cat":[95,91],"product_tag":[96,93],"class_list":{"0":"post-3228","1":"product","2":"type-product","3":"status-publish","4":"has-post-thumbnail","6":"product_cat-tabletas-de-chocolate","7":"product_cat-productos-maurici","8":"product_tag-enviament","9":"product_tag-recollida","11":"first","12":"instock","13":"shipping-taxable","14":"purchasable","15":"product-type-simple"},"_links":{"self":[{"href":"https:\/\/mauricicot.com\/es\/wp-json\/wp\/v2\/product\/3228","targetHints":{"allow":["GET"]}}],"collection":[{"href":"https:\/\/mauricicot.com\/es\/wp-json\/wp\/v2\/product"}],"about":[{"href":"https:\/\/mauricicot.com\/es\/wp-json\/wp\/v2\/types\/product"}],"wp:featuredmedia":[{"embeddable":true,"href":"https:\/\/mauricicot.com\/es\/wp-json\/wp\/v2\/media\/1261"}],"wp:attachment":[{"href":"https:\/\/mauricicot.com\/es\/wp-json\/wp\/v2\/media?parent=3228"}],"wp:term":[{"taxonomy":"product_brand","embeddable":true,"href":"https:\/\/mauricicot.com\/es\/wp-json\/wp\/v2\/product_brand?post=3228"},{"taxonomy":"product_cat","embeddable":true,"href":"https:\/\/mauricicot.com\/es\/wp-json\/wp\/v2\/product_cat?post=3228"},{"taxonomy":"product_tag","embeddable":true,"href":"https:\/\/mauricicot.com\/es\/wp-json\/wp\/v2\/product_tag?post=3228"}],"curies":[{"name":"wp","href":"https:\/\/api.w.org\/{rel}","templated":true}]}}