{"id":3217,"date":"2020-11-07T18:00:01","date_gmt":"2025-12-04T11:14:46","guid":{"rendered":"https:\/\/mauricicot.com\/Sense%20categoria\/turron-de-coco-almendra-e-yuzu\/"},"modified":"2025-12-04T12:14:46","modified_gmt":"2025-12-04T11:14:46","slug":"turron-coco-yuzu","status":"publish","type":"product","link":"https:\/\/mauricicot.com\/es\/navidad-sin-gluten\/turron-coco-yuzu\/","title":{"rendered":"Turr\u00f3n de coco, almendra e yuzu"},"content":{"rendered":"<p>El turr\u00f3n de coco, almendra y yuzu es una especialidad que gusta por el contraste de los elementos pasteleros como son la almendra y el coco, con el yuzu, un c\u00edtrico japon\u00e9s muy arom\u00e1tico y fresco con un punto de amargura que para nada echa atr\u00e1s, por el contrario, ejercita las papilas gustativas, las despierta y con una sensaci\u00f3n de frescura sube el aroma por la v\u00eda retronasal hasta llegar al cerebro.<\/p>\n","protected":false},"excerpt":{"rendered":"<h2><span style=\"font-size: 24pt;\">Turr\u00f3n de coco, pralin\u00e9 de almendra y gelatina de yuzu<\/span><\/h2>\n<p><span style=\"font-size: 10pt;\">Formato: 160g<br \/>\nAl\u00e9rgenos: almendra y soja.<br \/>\nPuede contener trazas de otros frutos secos con caparaz\u00f3n, huevo, s\u00e9samo, leche sin lactosa.<\/span><\/p>\n","protected":false},"featured_media":3573,"template":"","meta":{"_et_pb_use_builder":"","_et_pb_old_content":"","_et_gb_content_width":""},"product_brand":[],"product_cat":[134,91],"product_tag":[96,93],"class_list":{"0":"post-3217","1":"product","2":"type-product","3":"status-publish","4":"has-post-thumbnail","6":"product_cat-navidad-sin-gluten","7":"product_cat-productos-maurici","8":"product_tag-enviament","9":"product_tag-recollida","11":"first","12":"outofstock","13":"shipping-taxable","14":"purchasable","15":"product-type-simple"},"_links":{"self":[{"href":"https:\/\/mauricicot.com\/es\/wp-json\/wp\/v2\/product\/3217","targetHints":{"allow":["GET"]}}],"collection":[{"href":"https:\/\/mauricicot.com\/es\/wp-json\/wp\/v2\/product"}],"about":[{"href":"https:\/\/mauricicot.com\/es\/wp-json\/wp\/v2\/types\/product"}],"wp:featuredmedia":[{"embeddable":true,"href":"https:\/\/mauricicot.com\/es\/wp-json\/wp\/v2\/media\/3573"}],"wp:attachment":[{"href":"https:\/\/mauricicot.com\/es\/wp-json\/wp\/v2\/media?parent=3217"}],"wp:term":[{"taxonomy":"product_brand","embeddable":true,"href":"https:\/\/mauricicot.com\/es\/wp-json\/wp\/v2\/product_brand?post=3217"},{"taxonomy":"product_cat","embeddable":true,"href":"https:\/\/mauricicot.com\/es\/wp-json\/wp\/v2\/product_cat?post=3217"},{"taxonomy":"product_tag","embeddable":true,"href":"https:\/\/mauricicot.com\/es\/wp-json\/wp\/v2\/product_tag?post=3217"}],"curies":[{"name":"wp","href":"https:\/\/api.w.org\/{rel}","templated":true}]}}