{"id":3187,"date":"2020-09-29T14:33:49","date_gmt":"2022-08-02T14:40:29","guid":{"rendered":"https:\/\/mauricicot.com\/Sense%20categoria\/muffin-de-arandanos\/"},"modified":"2024-11-06T15:12:52","modified_gmt":"2024-11-06T15:12:52","slug":"muffin-arandanos","status":"publish","type":"product","link":"https:\/\/mauricicot.com\/es\/bolleria\/muffin-arandanos\/","title":{"rendered":"Muffin de ar\u00e1ndanos"},"content":{"rendered":"<p>Muffin cl\u00e1sico de ar\u00e1ndanos elaborado con aceite de girasol<\/p>\n","protected":false},"excerpt":{"rendered":"<h2><span style=\"font-size: 24pt;\">Muffin de ar\u00e1ndanos<\/span><\/h2>\n<p><span style=\"font-size: 10pt;\">Formato: individual de 90g<\/span><br \/>\n<span style=\"font-size: 10pt;\">Al\u00e9rgenos: huevo.<br \/>\nPuede contener trazas de frutos secos, cacahuete, s\u00e9samo, soja y leche sin lactosa.<\/span><\/p>\n","protected":false},"featured_media":3188,"template":"","meta":{"_et_pb_use_builder":"","_et_pb_old_content":"","_et_gb_content_width":""},"product_brand":[],"product_cat":[132,91],"product_tag":[96,93],"class_list":{"0":"post-3187","1":"product","2":"type-product","3":"status-publish","4":"has-post-thumbnail","6":"product_cat-bolleria","7":"product_cat-productos-maurici","8":"product_tag-enviament","9":"product_tag-recollida","11":"first","12":"instock","13":"shipping-taxable","14":"purchasable","15":"product-type-simple"},"_links":{"self":[{"href":"https:\/\/mauricicot.com\/es\/wp-json\/wp\/v2\/product\/3187","targetHints":{"allow":["GET"]}}],"collection":[{"href":"https:\/\/mauricicot.com\/es\/wp-json\/wp\/v2\/product"}],"about":[{"href":"https:\/\/mauricicot.com\/es\/wp-json\/wp\/v2\/types\/product"}],"wp:featuredmedia":[{"embeddable":true,"href":"https:\/\/mauricicot.com\/es\/wp-json\/wp\/v2\/media\/3188"}],"wp:attachment":[{"href":"https:\/\/mauricicot.com\/es\/wp-json\/wp\/v2\/media?parent=3187"}],"wp:term":[{"taxonomy":"product_brand","embeddable":true,"href":"https:\/\/mauricicot.com\/es\/wp-json\/wp\/v2\/product_brand?post=3187"},{"taxonomy":"product_cat","embeddable":true,"href":"https:\/\/mauricicot.com\/es\/wp-json\/wp\/v2\/product_cat?post=3187"},{"taxonomy":"product_tag","embeddable":true,"href":"https:\/\/mauricicot.com\/es\/wp-json\/wp\/v2\/product_tag?post=3187"}],"curies":[{"name":"wp","href":"https:\/\/api.w.org\/{rel}","templated":true}]}}