{"id":3160,"date":"2020-09-29T15:47:18","date_gmt":"2022-08-02T14:19:25","guid":{"rendered":"https:\/\/mauricicot.com\/Sense categoria\/bombon-de-cafe-y-caramelo\/"},"modified":"2022-08-02T14:19:25","modified_gmt":"2022-08-02T14:19:25","slug":"bombon","status":"publish","type":"product","link":"https:\/\/mauricicot.com\/es\/no-publicados\/bombon\/","title":{"rendered":"Bomb\u00f3n de caf\u00e9 y caramelo"},"content":{"rendered":"<p>El pastel Bomb\u00f3n de caf\u00e9 y caramelo est\u00e1 pensado para que pueda agradar tanto a los amantes del caf\u00e9 como a los que no lo toman. Es suave y muy goloso. Recuerda a un bomb\u00f3n, de ah\u00ed su nombre. El toffee, hecho con nata sin lactosa, combina con el caf\u00e9 por afinidad. Es el \u00fanico pastel que s\u00ed lleva nata de origen animal, aunque sin lactosa. No apto para las personas al\u00e9rgicas en la prote\u00edna de la vaca.<\/p>\n","protected":false},"excerpt":{"rendered":"<h2><span style=\"font-size: 24pt;\">Bizcocho ba\u00f1ado con caf\u00e9, mousse de chocolate negro 60% cacao, crema de chocolate y caf\u00e9, gelificado de toffee, glaseado de cacao<\/span><\/h2>\n<p><span style=\"font-size: 10pt;\">Al\u00e9rgenos: prote\u00edna de leche sin lactosa, huevo y soja.<br \/>\nPuede contener trazas de frutos secos, cacahuete y s\u00e9samo.<\/span><\/p>\n","protected":false},"featured_media":3161,"template":"","meta":{"_et_pb_use_builder":"","_et_pb_old_content":"","_et_gb_content_width":""},"product_brand":[],"product_cat":[130],"product_tag":[93],"class_list":{"0":"post-3160","1":"product","2":"type-product","3":"status-publish","4":"has-post-thumbnail","6":"product_cat-no-publicados","7":"product_tag-recollida","8":"product_shipping_class-recogida-en-llinars-del-valles","10":"first","11":"outofstock","12":"shipping-taxable","13":"purchasable","14":"product-type-variable"},"_links":{"self":[{"href":"https:\/\/mauricicot.com\/es\/wp-json\/wp\/v2\/product\/3160","targetHints":{"allow":["GET"]}}],"collection":[{"href":"https:\/\/mauricicot.com\/es\/wp-json\/wp\/v2\/product"}],"about":[{"href":"https:\/\/mauricicot.com\/es\/wp-json\/wp\/v2\/types\/product"}],"wp:featuredmedia":[{"embeddable":true,"href":"https:\/\/mauricicot.com\/es\/wp-json\/wp\/v2\/media\/3161"}],"wp:attachment":[{"href":"https:\/\/mauricicot.com\/es\/wp-json\/wp\/v2\/media?parent=3160"}],"wp:term":[{"taxonomy":"product_brand","embeddable":true,"href":"https:\/\/mauricicot.com\/es\/wp-json\/wp\/v2\/product_brand?post=3160"},{"taxonomy":"product_cat","embeddable":true,"href":"https:\/\/mauricicot.com\/es\/wp-json\/wp\/v2\/product_cat?post=3160"},{"taxonomy":"product_tag","embeddable":true,"href":"https:\/\/mauricicot.com\/es\/wp-json\/wp\/v2\/product_tag?post=3160"}],"curies":[{"name":"wp","href":"https:\/\/api.w.org\/{rel}","templated":true}]}}