{"id":3152,"date":"2020-09-29T15:55:01","date_gmt":"2022-08-02T14:16:32","guid":{"rendered":"https:\/\/mauricicot.com\/Sense categoria\/cerezas-griottes\/"},"modified":"2022-08-02T14:16:32","modified_gmt":"2022-08-02T14:16:32","slug":"cerezas-griottes","status":"publish","type":"product","link":"https:\/\/mauricicot.com\/es\/productos-maurici\/cerezas-griottes\/","title":{"rendered":"Cerezas Griottes"},"content":{"rendered":"<p>La tarta de Cereza Griotte se compone de una mousse de cerezas, con griottinas confitadas al Kirsch en el interior, bizcocho de almendra y galleta crujiente de cacao y haba tonka. El haba tonka es una especia de Sudam\u00e9rica con notas c\u00e1lidas que recuerdan a la almendra amarga, la vainilla y la canela, lo que permite una perfecta adaptaci\u00f3n al bizcocho de almendra, al cacao y a la cereza.<br \/>\nEsta tarta tiene licor en cantidades peque\u00f1as.<\/p>\n","protected":false},"excerpt":{"rendered":"<h2><span style=\"font-size: 24pt;\">Bizcocho de almendra, mousse de cereza, interior de cerezas griottes al licor Kirsch, base de galleta crujiente de cacao y haba tonka, y glaseado de cereza<\/span><\/h2>\n<p><span style=\"font-size: 10pt;\">Al\u00e9rgenos: almendra, huevo y soja.<br \/>\nPuede contener trazas de otros frutos secos, cacahuete, s\u00e9samo, leche sin lactosa y sulfitos.<\/span><\/p>\n","protected":false},"featured_media":4995,"template":"","meta":{"_et_pb_use_builder":"off","_et_pb_old_content":"","_et_gb_content_width":""},"product_brand":[],"product_cat":[91,90],"product_tag":[93],"class_list":{"0":"post-3152","1":"product","2":"type-product","3":"status-publish","4":"has-post-thumbnail","6":"product_cat-productos-maurici","7":"product_cat-pasteleria","8":"product_tag-recollida","9":"product_shipping_class-recogida-en-llinars-del-valles","11":"first","12":"instock","13":"shipping-taxable","14":"purchasable","15":"product-type-variable","16":"has-default-attributes"},"_links":{"self":[{"href":"https:\/\/mauricicot.com\/es\/wp-json\/wp\/v2\/product\/3152","targetHints":{"allow":["GET"]}}],"collection":[{"href":"https:\/\/mauricicot.com\/es\/wp-json\/wp\/v2\/product"}],"about":[{"href":"https:\/\/mauricicot.com\/es\/wp-json\/wp\/v2\/types\/product"}],"wp:featuredmedia":[{"embeddable":true,"href":"https:\/\/mauricicot.com\/es\/wp-json\/wp\/v2\/media\/4995"}],"wp:attachment":[{"href":"https:\/\/mauricicot.com\/es\/wp-json\/wp\/v2\/media?parent=3152"}],"wp:term":[{"taxonomy":"product_brand","embeddable":true,"href":"https:\/\/mauricicot.com\/es\/wp-json\/wp\/v2\/product_brand?post=3152"},{"taxonomy":"product_cat","embeddable":true,"href":"https:\/\/mauricicot.com\/es\/wp-json\/wp\/v2\/product_cat?post=3152"},{"taxonomy":"product_tag","embeddable":true,"href":"https:\/\/mauricicot.com\/es\/wp-json\/wp\/v2\/product_tag?post=3152"}],"curies":[{"name":"wp","href":"https:\/\/api.w.org\/{rel}","templated":true}]}}