{"id":3127,"date":"2020-10-01T17:30:19","date_gmt":"2022-08-02T13:55:24","guid":{"rendered":"https:\/\/mauricicot.com\/Sense%20categoria\/donut-de-chocolate\/"},"modified":"2024-01-17T16:08:09","modified_gmt":"2024-01-17T16:08:09","slug":"donut-chocolate","status":"publish","type":"product","link":"https:\/\/mauricicot.com\/es\/bolleria\/donut-chocolate\/","title":{"rendered":"Donut de chocolate"},"content":{"rendered":"<p>Donut ba\u00f1ado con chocolate negro y hecho del d\u00eda. S\u00f3lo se aceptan pedidos por tel\u00e9fono para concretar d\u00eda y hora de recogida. No recomendamos congelarlos porque no quedan igual de buenos y esponjosos que hechos del mismo d\u00eda, aunque tampoco ocurre nada si se quieren congelar, el microondas lo arreglar\u00e1 \ud83d\ude09<\/p>\n","protected":false},"excerpt":{"rendered":"<h2>Donut esponjoso de chocolate negro<\/h2>\n<p><span style=\"font-size: 10pt;\">Al\u00e9rgenos: soja y huevo.<br \/>\nPuede contener trazas de frutos secos, huevo, cacahuete, s\u00e9samo, leche sin lactosa.<\/span><\/p>\n","protected":false},"featured_media":3128,"template":"","meta":{"_et_pb_use_builder":"","_et_pb_old_content":"","_et_gb_content_width":""},"product_brand":[],"product_cat":[132,91],"product_tag":[93],"class_list":{"0":"post-3127","1":"product","2":"type-product","3":"status-publish","4":"has-post-thumbnail","6":"product_cat-bolleria","7":"product_cat-productos-maurici","8":"product_tag-recollida","10":"first","11":"instock","12":"shipping-taxable","13":"purchasable","14":"product-type-simple"},"_links":{"self":[{"href":"https:\/\/mauricicot.com\/es\/wp-json\/wp\/v2\/product\/3127","targetHints":{"allow":["GET"]}}],"collection":[{"href":"https:\/\/mauricicot.com\/es\/wp-json\/wp\/v2\/product"}],"about":[{"href":"https:\/\/mauricicot.com\/es\/wp-json\/wp\/v2\/types\/product"}],"wp:featuredmedia":[{"embeddable":true,"href":"https:\/\/mauricicot.com\/es\/wp-json\/wp\/v2\/media\/3128"}],"wp:attachment":[{"href":"https:\/\/mauricicot.com\/es\/wp-json\/wp\/v2\/media?parent=3127"}],"wp:term":[{"taxonomy":"product_brand","embeddable":true,"href":"https:\/\/mauricicot.com\/es\/wp-json\/wp\/v2\/product_brand?post=3127"},{"taxonomy":"product_cat","embeddable":true,"href":"https:\/\/mauricicot.com\/es\/wp-json\/wp\/v2\/product_cat?post=3127"},{"taxonomy":"product_tag","embeddable":true,"href":"https:\/\/mauricicot.com\/es\/wp-json\/wp\/v2\/product_tag?post=3127"}],"curies":[{"name":"wp","href":"https:\/\/api.w.org\/{rel}","templated":true}]}}