{"id":3124,"date":"2020-10-01T17:40:52","date_gmt":"2022-07-28T13:30:51","guid":{"rendered":"https:\/\/mauricicot.com\/sin categor\u00eda\/carquinolis\/"},"modified":"2022-07-28T13:30:51","modified_gmt":"2022-07-28T13:30:51","slug":"carquinolis","status":"publish","type":"product","link":"https:\/\/mauricicot.com\/es\/bolleria\/carquinolis\/","title":{"rendered":"Carqui\u00f1olis"},"content":{"rendered":"<p>Carqui\u00f1oles tradicionales elaborados con almendra largueta y avellana negreta del pa\u00eds. \u00a1Crujientes y gustosos como ninguna otra cosa!<\/p>\n","protected":false},"excerpt":{"rendered":"<h2><span style=\"font-size: 24pt;\">Galletas crujientes con almendra y avellana<\/span><\/h2>\n<p><span style=\"font-size: 10pt;\">Formato: bolsa de polipropileno de 150g<\/span><br \/>\n<span style=\"font-size: 10pt;\">Al\u00e9rgenos: almendra, avellana y huevo.<br \/>\nPot contenir traces d\u2019altra fruita seca, soja, cacauet, s\u00e8sam, llet sense lactosa.<\/span><\/p>\n","protected":false},"featured_media":3125,"template":"","meta":{"_et_pb_use_builder":"","_et_pb_old_content":"","_et_gb_content_width":""},"product_brand":[],"product_cat":[132,91],"product_tag":[96,93],"class_list":{"0":"post-3124","1":"product","2":"type-product","3":"status-publish","4":"has-post-thumbnail","6":"product_cat-bolleria","7":"product_cat-productos-maurici","8":"product_tag-enviament","9":"product_tag-recollida","11":"first","12":"instock","13":"shipping-taxable","14":"purchasable","15":"product-type-simple"},"_links":{"self":[{"href":"https:\/\/mauricicot.com\/es\/wp-json\/wp\/v2\/product\/3124","targetHints":{"allow":["GET"]}}],"collection":[{"href":"https:\/\/mauricicot.com\/es\/wp-json\/wp\/v2\/product"}],"about":[{"href":"https:\/\/mauricicot.com\/es\/wp-json\/wp\/v2\/types\/product"}],"wp:featuredmedia":[{"embeddable":true,"href":"https:\/\/mauricicot.com\/es\/wp-json\/wp\/v2\/media\/3125"}],"wp:attachment":[{"href":"https:\/\/mauricicot.com\/es\/wp-json\/wp\/v2\/media?parent=3124"}],"wp:term":[{"taxonomy":"product_brand","embeddable":true,"href":"https:\/\/mauricicot.com\/es\/wp-json\/wp\/v2\/product_brand?post=3124"},{"taxonomy":"product_cat","embeddable":true,"href":"https:\/\/mauricicot.com\/es\/wp-json\/wp\/v2\/product_cat?post=3124"},{"taxonomy":"product_tag","embeddable":true,"href":"https:\/\/mauricicot.com\/es\/wp-json\/wp\/v2\/product_tag?post=3124"}],"curies":[{"name":"wp","href":"https:\/\/api.w.org\/{rel}","templated":true}]}}