{"id":3096,"date":"2020-10-02T14:16:52","date_gmt":"2022-07-28T13:11:07","guid":{"rendered":"https:\/\/mauricicot.com\/sin categor\u00eda\/coco-lima-y-macadamia\/"},"modified":"2022-07-28T13:11:07","modified_gmt":"2022-07-28T13:11:07","slug":"coco-lima-es","status":"publish","type":"product","link":"https:\/\/mauricicot.com\/es\/productos-maurici\/coco-lima-es\/","title":{"rendered":"Coco, lima y macadamia"},"content":{"rendered":"<p>Pastel creado a partir de la idea de combinar sabores ex\u00f3ticos, pero con total consonancia. Las notas l\u00e1cticas del coco, el chocolate blanco y las nueces de macadamia contrastan con el lim\u00f3n que es refrescante y \u00e1cido, que despierta el paladar de la sensaci\u00f3n menos ligera del resto de ingredientes. Es una tarta fresca y de sabores muy marcados.<\/p>\n","protected":false},"excerpt":{"rendered":"<h2>Bizcocho de almendra, coco y lima, esponjoso de lima, mousse de coco, chocolate blanco y nueces de macadamia<\/h2>\n<p><span style=\"font-size: 10pt;\">Al\u00e9rgenos: almendra, nueces de macadamia, huevo y soja.<br \/>\nPuede contener trazas de otros frutos secos, cacahuete, s\u00e9samo, leche sin lactosa y sulfitos.<br \/>\n<\/span><\/p>\n","protected":false},"featured_media":3097,"template":"","meta":{"_et_pb_use_builder":"","_et_pb_old_content":"","_et_gb_content_width":""},"product_brand":[],"product_cat":[91,90],"product_tag":[93],"class_list":{"0":"post-3096","1":"product","2":"type-product","3":"status-publish","4":"has-post-thumbnail","6":"product_cat-productos-maurici","7":"product_cat-pasteleria","8":"product_tag-recollida","9":"product_shipping_class-recogida-en-llinars-del-valles","11":"first","12":"instock","13":"shipping-taxable","14":"purchasable","15":"product-type-variable"},"_links":{"self":[{"href":"https:\/\/mauricicot.com\/es\/wp-json\/wp\/v2\/product\/3096","targetHints":{"allow":["GET"]}}],"collection":[{"href":"https:\/\/mauricicot.com\/es\/wp-json\/wp\/v2\/product"}],"about":[{"href":"https:\/\/mauricicot.com\/es\/wp-json\/wp\/v2\/types\/product"}],"wp:featuredmedia":[{"embeddable":true,"href":"https:\/\/mauricicot.com\/es\/wp-json\/wp\/v2\/media\/3097"}],"wp:attachment":[{"href":"https:\/\/mauricicot.com\/es\/wp-json\/wp\/v2\/media?parent=3096"}],"wp:term":[{"taxonomy":"product_brand","embeddable":true,"href":"https:\/\/mauricicot.com\/es\/wp-json\/wp\/v2\/product_brand?post=3096"},{"taxonomy":"product_cat","embeddable":true,"href":"https:\/\/mauricicot.com\/es\/wp-json\/wp\/v2\/product_cat?post=3096"},{"taxonomy":"product_tag","embeddable":true,"href":"https:\/\/mauricicot.com\/es\/wp-json\/wp\/v2\/product_tag?post=3096"}],"curies":[{"name":"wp","href":"https:\/\/api.w.org\/{rel}","templated":true}]}}