{"id":3093,"date":"2020-10-02T14:28:07","date_gmt":"2022-07-28T13:08:02","guid":{"rendered":"https:\/\/mauricicot.com\/sin categor\u00eda\/coulant\/"},"modified":"2022-07-28T13:08:02","modified_gmt":"2022-07-28T13:08:02","slug":"coulant-es","status":"publish","type":"product","link":"https:\/\/mauricicot.com\/es\/bolleria\/coulant-es\/","title":{"rendered":"Coulant"},"content":{"rendered":"<p>Calentar el coulant congelado en el microondas durante 20-30 segundos a m\u00e1xima potencia. Si est\u00e1 fr\u00edo de nevera con 15-20 segundos ya estar\u00e1. Cuando est\u00e9 blando ya se puede comer.<\/p>\n","protected":false},"excerpt":{"rendered":"<h2>Bizcocho de chocolate con interior l\u00edquido de chocolate<\/h2>\n<p><span style=\"font-size: 10pt;\">Formato: individual de 95g<br \/>\nAl\u00e9rgenos: huevo y soja.<br \/>\nPuede contener trazas de frutos secos, cacahuete, s\u00e9samo, leche sin lactosa.<\/span><\/p>\n","protected":false},"featured_media":3094,"template":"","meta":{"_et_pb_use_builder":"","_et_pb_old_content":"","_et_gb_content_width":""},"product_brand":[],"product_cat":[132,95,91,90],"product_tag":[93],"class_list":{"0":"post-3093","1":"product","2":"type-product","3":"status-publish","4":"has-post-thumbnail","6":"product_cat-bolleria","7":"product_cat-tabletas-de-chocolate","8":"product_cat-productos-maurici","9":"product_cat-pasteleria","10":"product_tag-recollida","12":"first","13":"instock","14":"shipping-taxable","15":"purchasable","16":"product-type-simple"},"_links":{"self":[{"href":"https:\/\/mauricicot.com\/es\/wp-json\/wp\/v2\/product\/3093","targetHints":{"allow":["GET"]}}],"collection":[{"href":"https:\/\/mauricicot.com\/es\/wp-json\/wp\/v2\/product"}],"about":[{"href":"https:\/\/mauricicot.com\/es\/wp-json\/wp\/v2\/types\/product"}],"wp:featuredmedia":[{"embeddable":true,"href":"https:\/\/mauricicot.com\/es\/wp-json\/wp\/v2\/media\/3094"}],"wp:attachment":[{"href":"https:\/\/mauricicot.com\/es\/wp-json\/wp\/v2\/media?parent=3093"}],"wp:term":[{"taxonomy":"product_brand","embeddable":true,"href":"https:\/\/mauricicot.com\/es\/wp-json\/wp\/v2\/product_brand?post=3093"},{"taxonomy":"product_cat","embeddable":true,"href":"https:\/\/mauricicot.com\/es\/wp-json\/wp\/v2\/product_cat?post=3093"},{"taxonomy":"product_tag","embeddable":true,"href":"https:\/\/mauricicot.com\/es\/wp-json\/wp\/v2\/product_tag?post=3093"}],"curies":[{"name":"wp","href":"https:\/\/api.w.org\/{rel}","templated":true}]}}