{"id":3078,"date":"2020-10-03T09:30:41","date_gmt":"2022-07-28T09:56:23","guid":{"rendered":"https:\/\/mauricicot.com\/sin%20categor\u00eda\/chocolate-con-naranja-y-almendra\/"},"modified":"2024-11-27T11:52:21","modified_gmt":"2024-11-27T11:52:21","slug":"chocolate-naranja","status":"publish","type":"product","link":"https:\/\/mauricicot.com\/es\/tabletas-de-chocolate\/chocolate-naranja\/","title":{"rendered":"Chocolate con naranja y almendra"},"content":{"rendered":"<p>La almendra marcona y la naranja siempre han ido atadas por las notas amargas y han sido un referente en la pasteler\u00eda tradicional de nuestro pa\u00eds. Ahora, acompa\u00f1adas de chocolate negro hacen el tr\u00edo perfecto.<\/p>\n","protected":false},"excerpt":{"rendered":"<h2><span style=\"font-size: 24pt;\">Chocolate con naranja y almendra<\/span><\/h2>\n<p><span style=\"font-size: 10pt;\">Formato: tableta de 90 g.<br \/>\nAl\u00e9rgenos: almendra y soja.<br \/>\nPuede contener trazas de otros frutos secos, cacahuete, s\u00e9samo, leche sin lactosa y sulfitos.<\/span><\/p>\n","protected":false},"featured_media":3079,"template":"","meta":{"_et_pb_use_builder":"","_et_pb_old_content":"","_et_gb_content_width":""},"product_brand":[],"product_cat":[95,94,91],"product_tag":[96,93],"class_list":{"0":"post-3078","1":"product","2":"type-product","3":"status-publish","4":"has-post-thumbnail","6":"product_cat-tabletas-de-chocolate","7":"product_cat-vegan-es","8":"product_cat-productos-maurici","9":"product_tag-enviament","10":"product_tag-recollida","12":"first","13":"instock","14":"shipping-taxable","15":"purchasable","16":"product-type-simple"},"_links":{"self":[{"href":"https:\/\/mauricicot.com\/es\/wp-json\/wp\/v2\/product\/3078","targetHints":{"allow":["GET"]}}],"collection":[{"href":"https:\/\/mauricicot.com\/es\/wp-json\/wp\/v2\/product"}],"about":[{"href":"https:\/\/mauricicot.com\/es\/wp-json\/wp\/v2\/types\/product"}],"wp:featuredmedia":[{"embeddable":true,"href":"https:\/\/mauricicot.com\/es\/wp-json\/wp\/v2\/media\/3079"}],"wp:attachment":[{"href":"https:\/\/mauricicot.com\/es\/wp-json\/wp\/v2\/media?parent=3078"}],"wp:term":[{"taxonomy":"product_brand","embeddable":true,"href":"https:\/\/mauricicot.com\/es\/wp-json\/wp\/v2\/product_brand?post=3078"},{"taxonomy":"product_cat","embeddable":true,"href":"https:\/\/mauricicot.com\/es\/wp-json\/wp\/v2\/product_cat?post=3078"},{"taxonomy":"product_tag","embeddable":true,"href":"https:\/\/mauricicot.com\/es\/wp-json\/wp\/v2\/product_tag?post=3078"}],"curies":[{"name":"wp","href":"https:\/\/api.w.org\/{rel}","templated":true}]}}