{"id":3074,"date":"2020-10-03T09:30:51","date_gmt":"2022-07-28T09:51:15","guid":{"rendered":"https:\/\/mauricicot.com\/sin%20categor\u00eda\/chocolate-blanco-sin-leche\/"},"modified":"2024-11-27T11:51:32","modified_gmt":"2024-11-27T11:51:32","slug":"chocolate-blanco","status":"publish","type":"product","link":"https:\/\/mauricicot.com\/es\/tabletas-de-chocolate\/chocolate-blanco\/","title":{"rendered":"Chocolate blanco sin leche"},"content":{"rendered":"<p>Chocolate blanco con leche de arroz acompa\u00f1ado con almendra y coco para resaltar las notas l\u00e1cticas de la leche -que no tiene-, pero que as\u00ed lo recuerda. Es una cobertura muy conseguida, elaborada pensando en el sector vegano, ya que el chocolate blanco siempre se ha hecho con leche de origen animal, al igual que ocurre con el chocolate con leche. No tiene leche como ingrediente, pero seg\u00fan el fabricante podr\u00eda contener trazas.<\/p>\n","protected":false},"excerpt":{"rendered":"<h2><span style=\"font-size: 24pt;\">Chocolate blanco sin leche<\/span><\/h2>\n<p><span style=\"font-size: 10pt;\">Formato: tableta de 90 g.<br \/>\nAl\u00e9rgenos: almendra.<br \/>\nPuede contener trazas de otros frutos secos, cacahuete, s\u00e9samo, soja y leche sin lactosa.<\/span><\/p>\n","protected":false},"featured_media":3075,"template":"","meta":{"_et_pb_use_builder":"","_et_pb_old_content":"","_et_gb_content_width":""},"product_brand":[],"product_cat":[95,94,91],"product_tag":[96,93],"class_list":{"0":"post-3074","1":"product","2":"type-product","3":"status-publish","4":"has-post-thumbnail","6":"product_cat-tabletas-de-chocolate","7":"product_cat-vegan-es","8":"product_cat-productos-maurici","9":"product_tag-enviament","10":"product_tag-recollida","12":"first","13":"instock","14":"shipping-taxable","15":"purchasable","16":"product-type-simple"},"_links":{"self":[{"href":"https:\/\/mauricicot.com\/es\/wp-json\/wp\/v2\/product\/3074","targetHints":{"allow":["GET"]}}],"collection":[{"href":"https:\/\/mauricicot.com\/es\/wp-json\/wp\/v2\/product"}],"about":[{"href":"https:\/\/mauricicot.com\/es\/wp-json\/wp\/v2\/types\/product"}],"wp:featuredmedia":[{"embeddable":true,"href":"https:\/\/mauricicot.com\/es\/wp-json\/wp\/v2\/media\/3075"}],"wp:attachment":[{"href":"https:\/\/mauricicot.com\/es\/wp-json\/wp\/v2\/media?parent=3074"}],"wp:term":[{"taxonomy":"product_brand","embeddable":true,"href":"https:\/\/mauricicot.com\/es\/wp-json\/wp\/v2\/product_brand?post=3074"},{"taxonomy":"product_cat","embeddable":true,"href":"https:\/\/mauricicot.com\/es\/wp-json\/wp\/v2\/product_cat?post=3074"},{"taxonomy":"product_tag","embeddable":true,"href":"https:\/\/mauricicot.com\/es\/wp-json\/wp\/v2\/product_tag?post=3074"}],"curies":[{"name":"wp","href":"https:\/\/api.w.org\/{rel}","templated":true}]}}