{"id":3062,"date":"2020-10-12T12:38:06","date_gmt":"2022-07-27T16:34:06","guid":{"rendered":"https:\/\/mauricicot.com\/Sense%20categoria\/chocolate-negro-54-cacao\/"},"modified":"2024-11-27T11:49:23","modified_gmt":"2024-11-27T11:49:23","slug":"chocolate-negro-54-cacao","status":"publish","type":"product","link":"https:\/\/mauricicot.com\/es\/tabletas-de-chocolate\/chocolate-negro-54-cacao\/","title":{"rendered":"Chocolate negro 54% cacao"},"content":{"rendered":"<p>El chocolate negro con un 54% de cacao es un chocolate equilibrado, arom\u00e1tico y dulce, con un tostado suave y sabor a cacao intenso con notas afrutadas. Ideal para acompa\u00f1ar galletas, pastas de t\u00e9&#8230; O incluso para merendar pan con aceite y chocolate, eso s\u00ed, si lo haces no te olvides de poner un punto de sal \ud83d\ude09<\/p>\n","protected":false},"excerpt":{"rendered":"<h2><span style=\"font-size: 24pt;\">Chocolate negro 54% cacao<\/span><\/h2>\n<p><span style=\"font-size: 10pt;\">Format: tableta de 90 g.<br \/>\nAl\u00e9rgenos: soja.<br \/>\nPuede contener trazas de frutos secos, cacahuete, s\u00e9samo, leche sin lactosa.<\/span><\/p>\n","protected":false},"featured_media":3063,"template":"","meta":{"_et_pb_use_builder":"","_et_pb_old_content":"","_et_gb_content_width":""},"product_brand":[],"product_cat":[95,94,91],"product_tag":[96,93],"class_list":{"0":"post-3062","1":"product","2":"type-product","3":"status-publish","4":"has-post-thumbnail","6":"product_cat-tabletas-de-chocolate","7":"product_cat-vegan-es","8":"product_cat-productos-maurici","9":"product_tag-enviament","10":"product_tag-recollida","12":"first","13":"outofstock","14":"shipping-taxable","15":"purchasable","16":"product-type-simple"},"_links":{"self":[{"href":"https:\/\/mauricicot.com\/es\/wp-json\/wp\/v2\/product\/3062","targetHints":{"allow":["GET"]}}],"collection":[{"href":"https:\/\/mauricicot.com\/es\/wp-json\/wp\/v2\/product"}],"about":[{"href":"https:\/\/mauricicot.com\/es\/wp-json\/wp\/v2\/types\/product"}],"wp:featuredmedia":[{"embeddable":true,"href":"https:\/\/mauricicot.com\/es\/wp-json\/wp\/v2\/media\/3063"}],"wp:attachment":[{"href":"https:\/\/mauricicot.com\/es\/wp-json\/wp\/v2\/media?parent=3062"}],"wp:term":[{"taxonomy":"product_brand","embeddable":true,"href":"https:\/\/mauricicot.com\/es\/wp-json\/wp\/v2\/product_brand?post=3062"},{"taxonomy":"product_cat","embeddable":true,"href":"https:\/\/mauricicot.com\/es\/wp-json\/wp\/v2\/product_cat?post=3062"},{"taxonomy":"product_tag","embeddable":true,"href":"https:\/\/mauricicot.com\/es\/wp-json\/wp\/v2\/product_tag?post=3062"}],"curies":[{"name":"wp","href":"https:\/\/api.w.org\/{rel}","templated":true}]}}