{"id":3047,"date":"2021-01-25T12:28:03","date_gmt":"2022-07-27T16:07:27","guid":{"rendered":"https:\/\/mauricicot.com\/Sense%20categoria\/panecillo-de-hamburguesa\/"},"modified":"2024-11-13T13:36:33","modified_gmt":"2024-11-13T13:36:33","slug":"pan-hamburguesa","status":"publish","type":"product","link":"https:\/\/mauricicot.com\/es\/pan-sin-gluten\/pan-hamburguesa\/","title":{"rendered":"Panecillo de hamburguesa"},"content":{"rendered":"<p>Panecillo peque\u00f1o para hamburguesa elaborado con masa madre, con harinas de arroz, ma\u00edz y s\u00e9samo por encima. Calentar antes de consumir en una tostadora o en el horno a 200 \u00b0 C unos 5 minutos.<br \/>\nIngredientes: harina de arroz, almid\u00f3n de ma\u00edz, agua, psyllium, sal, S\u00c9SAMO, aceite de girasol y levadura. <\/p>\n","protected":false},"excerpt":{"rendered":"<h2><span style=\"font-size: 24pt;\">Panecillo de hamburguesa<\/span><\/h2>\n<p><span style=\"font-size: 10pt;\">El precio es por unidad<br \/>\npanecillo con s\u00e9samo de 12 cm de ancho 120 g\/u<br \/>\nAl\u00e9rgenos: s\u00e9samo<br \/>\n<\/span><\/p>\n","protected":false},"featured_media":1914,"template":"","meta":{"_et_pb_use_builder":"","_et_pb_old_content":"","_et_gb_content_width":""},"product_brand":[],"product_cat":[136,91],"product_tag":[96,93],"class_list":{"0":"post-3047","1":"product","2":"type-product","3":"status-publish","4":"has-post-thumbnail","6":"product_cat-pan-sin-gluten","7":"product_cat-productos-maurici","8":"product_tag-enviament","9":"product_tag-recollida","11":"first","12":"instock","13":"shipping-taxable","14":"purchasable","15":"product-type-simple"},"_links":{"self":[{"href":"https:\/\/mauricicot.com\/es\/wp-json\/wp\/v2\/product\/3047","targetHints":{"allow":["GET"]}}],"collection":[{"href":"https:\/\/mauricicot.com\/es\/wp-json\/wp\/v2\/product"}],"about":[{"href":"https:\/\/mauricicot.com\/es\/wp-json\/wp\/v2\/types\/product"}],"wp:featuredmedia":[{"embeddable":true,"href":"https:\/\/mauricicot.com\/es\/wp-json\/wp\/v2\/media\/1914"}],"wp:attachment":[{"href":"https:\/\/mauricicot.com\/es\/wp-json\/wp\/v2\/media?parent=3047"}],"wp:term":[{"taxonomy":"product_brand","embeddable":true,"href":"https:\/\/mauricicot.com\/es\/wp-json\/wp\/v2\/product_brand?post=3047"},{"taxonomy":"product_cat","embeddable":true,"href":"https:\/\/mauricicot.com\/es\/wp-json\/wp\/v2\/product_cat?post=3047"},{"taxonomy":"product_tag","embeddable":true,"href":"https:\/\/mauricicot.com\/es\/wp-json\/wp\/v2\/product_tag?post=3047"}],"curies":[{"name":"wp","href":"https:\/\/api.w.org\/{rel}","templated":true}]}}