{"id":3046,"date":"2021-01-25T12:31:10","date_gmt":"2022-07-27T16:04:05","guid":{"rendered":"https:\/\/mauricicot.com\/Sense%20categoria\/pan-de-semillas\/"},"modified":"2025-10-08T16:15:36","modified_gmt":"2025-10-08T14:15:36","slug":"pan-de-semillas","status":"publish","type":"product","link":"https:\/\/mauricicot.com\/es\/pan-sin-gluten\/pan-de-semillas\/","title":{"rendered":"Pan de semillas"},"content":{"rendered":"<p>Pan semi integral con masa madre, semillas de girasol, calabaza y s\u00e9samo. Elaborado con harinas de ma\u00edz, arroz y trigo sarraceno. Muy nutritivo con la miga esponjosa y h\u00fameda. Recomendado calentar antes de consumir en una tostadora o en el horno a 200 \u00b0C unos 5 minutos. Ideal para hacer bocadillos vegetales, canap\u00e9s o simplemente con un poco de aceite y sal.<br \/>\nIngredientes: Almid\u00f3n de ma\u00edz, harina de arroz, harina de trigo sarraceno, agua, semillas (girasol, calabaza, s\u00e9samo), psyllium, aceite de girasol, levadura y sal.<\/p>\n","protected":false},"excerpt":{"rendered":"<h2><span style=\"font-size: 24pt;\">Pan de semillas<\/span><\/h2>\n<p><span style=\"font-size: 10pt;\">Pan de molde de 600 g<br \/>\nAl\u00e9rgenos: s\u00e9samo<br \/>\n<\/span><\/p>\n","protected":false},"featured_media":2289,"template":"","meta":{"_et_pb_use_builder":"","_et_pb_old_content":"","_et_gb_content_width":""},"product_brand":[],"product_cat":[136,91],"product_tag":[96,93],"class_list":{"0":"post-3046","1":"product","2":"type-product","3":"status-publish","4":"has-post-thumbnail","6":"product_cat-pan-sin-gluten","7":"product_cat-productos-maurici","8":"product_tag-enviament","9":"product_tag-recollida","11":"first","12":"instock","13":"shipping-taxable","14":"purchasable","15":"product-type-simple"},"_links":{"self":[{"href":"https:\/\/mauricicot.com\/es\/wp-json\/wp\/v2\/product\/3046","targetHints":{"allow":["GET"]}}],"collection":[{"href":"https:\/\/mauricicot.com\/es\/wp-json\/wp\/v2\/product"}],"about":[{"href":"https:\/\/mauricicot.com\/es\/wp-json\/wp\/v2\/types\/product"}],"wp:featuredmedia":[{"embeddable":true,"href":"https:\/\/mauricicot.com\/es\/wp-json\/wp\/v2\/media\/2289"}],"wp:attachment":[{"href":"https:\/\/mauricicot.com\/es\/wp-json\/wp\/v2\/media?parent=3046"}],"wp:term":[{"taxonomy":"product_brand","embeddable":true,"href":"https:\/\/mauricicot.com\/es\/wp-json\/wp\/v2\/product_brand?post=3046"},{"taxonomy":"product_cat","embeddable":true,"href":"https:\/\/mauricicot.com\/es\/wp-json\/wp\/v2\/product_cat?post=3046"},{"taxonomy":"product_tag","embeddable":true,"href":"https:\/\/mauricicot.com\/es\/wp-json\/wp\/v2\/product_tag?post=3046"}],"curies":[{"name":"wp","href":"https:\/\/api.w.org\/{rel}","templated":true}]}}