{"id":3007,"date":"2021-09-06T16:55:05","date_gmt":"2022-07-26T14:53:38","guid":{"rendered":"https:\/\/mauricicot.com\/Sense%20categoria\/pan-de-payes-semi\/"},"modified":"2025-07-11T11:05:33","modified_gmt":"2025-07-11T09:05:33","slug":"pan-payes-semi","status":"publish","type":"product","link":"https:\/\/mauricicot.com\/es\/pan-sin-gluten\/pan-payes-semi\/","title":{"rendered":"Pan de pay\u00e9s semi"},"content":{"rendered":"<p>Pan de pay\u00e9s elaborado con masa madre, con una mezcla de harinas: trigo sarraceno, arroz y almid\u00f3n de ma\u00edz. Con sabor suave de trigo sarraceno, arom\u00e1tico, con volumen y corteza crujiente. Los almidones ayudan a dar estructura y volumen a las masas, pero tienen el inconveniente de tener que regenerarlos calentando el pan para conseguir la misma textura de reci\u00e9n hecho. Calentar antes de consumir en una tostadora o en el horno a 200 \u00ba C unos 5 minutos.<br \/>\nIngredientes: harina de trigo sarraceno, harina de arroz, almid\u00f3n de ma\u00edz, almid\u00f3n de tapioca, agua, psyllium, sal, aceite de girasol y levadura.<\/p>\n","protected":false},"excerpt":{"rendered":"<h2><span style=\"font-size: 24pt;\">Pan de pay\u00e9s semi<\/span><\/h2>\n<p><span style=\"font-size: 10pt;\">Pan cortado en 10 rebanadas aprox de 1\/2kg<br \/>\nAl\u00e9rgenos: no tiene<br \/>\n<\/span><\/p>\n","protected":false},"featured_media":2284,"template":"","meta":{"_et_pb_use_builder":"","_et_pb_old_content":"","_et_gb_content_width":""},"product_brand":[],"product_cat":[136,91],"product_tag":[96,93],"class_list":{"0":"post-3007","1":"product","2":"type-product","3":"status-publish","4":"has-post-thumbnail","6":"product_cat-pan-sin-gluten","7":"product_cat-productos-maurici","8":"product_tag-enviament","9":"product_tag-recollida","11":"first","12":"instock","13":"shipping-taxable","14":"purchasable","15":"product-type-simple"},"_links":{"self":[{"href":"https:\/\/mauricicot.com\/es\/wp-json\/wp\/v2\/product\/3007","targetHints":{"allow":["GET"]}}],"collection":[{"href":"https:\/\/mauricicot.com\/es\/wp-json\/wp\/v2\/product"}],"about":[{"href":"https:\/\/mauricicot.com\/es\/wp-json\/wp\/v2\/types\/product"}],"wp:featuredmedia":[{"embeddable":true,"href":"https:\/\/mauricicot.com\/es\/wp-json\/wp\/v2\/media\/2284"}],"wp:attachment":[{"href":"https:\/\/mauricicot.com\/es\/wp-json\/wp\/v2\/media?parent=3007"}],"wp:term":[{"taxonomy":"product_brand","embeddable":true,"href":"https:\/\/mauricicot.com\/es\/wp-json\/wp\/v2\/product_brand?post=3007"},{"taxonomy":"product_cat","embeddable":true,"href":"https:\/\/mauricicot.com\/es\/wp-json\/wp\/v2\/product_cat?post=3007"},{"taxonomy":"product_tag","embeddable":true,"href":"https:\/\/mauricicot.com\/es\/wp-json\/wp\/v2\/product_tag?post=3007"}],"curies":[{"name":"wp","href":"https:\/\/api.w.org\/{rel}","templated":true}]}}