{"id":2983,"date":"2020-11-07T18:01:52","date_gmt":"2025-12-04T11:14:46","guid":{"rendered":"https:\/\/mauricicot.com\/?post_type=product&#038;p=2983"},"modified":"2025-12-04T12:14:46","modified_gmt":"2025-12-04T11:14:46","slug":"turron-de-fruta-de-la-pasion-y-jijona","status":"publish","type":"product","link":"https:\/\/mauricicot.com\/es\/navidad-sin-gluten\/turron-de-fruta-de-la-pasion-y-jijona\/","title":{"rendered":"Turr\u00f3n de fruta de la pasi\u00f3n y Jijona"},"content":{"rendered":"<p>El turr\u00f3n de fruta de la pasi\u00f3n y Jijona destaca por la finura, la textura cremosa de la ganache de chocolate negra con la fruta de la pasi\u00f3n, que aporta un punto \u00e1cido y contrasta con el dulzor del turr\u00f3n de Jijona. Delicado y elegante como ning\u00fan otro. Degustar con atenci\u00f3n y sin prisas.<\/p>\n","protected":false},"excerpt":{"rendered":"<h2><span style=\"font-size: 24pt;\">Turr\u00f3n de ganache de chocolate negra con fruta de la pasi\u00f3n y Jijona<\/span><\/h2>\n<p><span style=\"font-size: 10pt;\">Formato: 160g Al\u00e9rgenos: almendra y soja. Puede contener trazas de otros frutos secos con c\u00e1scara, huevo, s\u00e9samo, leche sin lactosa.<\/span><\/p>\n","protected":false},"featured_media":3585,"template":"","meta":{"_et_pb_use_builder":"","_et_pb_old_content":"","_et_gb_content_width":""},"product_brand":[],"product_cat":[134,91],"product_tag":[96,93],"class_list":{"0":"post-2983","1":"product","2":"type-product","3":"status-publish","4":"has-post-thumbnail","6":"product_cat-navidad-sin-gluten","7":"product_cat-productos-maurici","8":"product_tag-enviament","9":"product_tag-recollida","11":"first","12":"outofstock","13":"shipping-taxable","14":"purchasable","15":"product-type-simple"},"_links":{"self":[{"href":"https:\/\/mauricicot.com\/es\/wp-json\/wp\/v2\/product\/2983","targetHints":{"allow":["GET"]}}],"collection":[{"href":"https:\/\/mauricicot.com\/es\/wp-json\/wp\/v2\/product"}],"about":[{"href":"https:\/\/mauricicot.com\/es\/wp-json\/wp\/v2\/types\/product"}],"wp:featuredmedia":[{"embeddable":true,"href":"https:\/\/mauricicot.com\/es\/wp-json\/wp\/v2\/media\/3585"}],"wp:attachment":[{"href":"https:\/\/mauricicot.com\/es\/wp-json\/wp\/v2\/media?parent=2983"}],"wp:term":[{"taxonomy":"product_brand","embeddable":true,"href":"https:\/\/mauricicot.com\/es\/wp-json\/wp\/v2\/product_brand?post=2983"},{"taxonomy":"product_cat","embeddable":true,"href":"https:\/\/mauricicot.com\/es\/wp-json\/wp\/v2\/product_cat?post=2983"},{"taxonomy":"product_tag","embeddable":true,"href":"https:\/\/mauricicot.com\/es\/wp-json\/wp\/v2\/product_tag?post=2983"}],"curies":[{"name":"wp","href":"https:\/\/api.w.org\/{rel}","templated":true}]}}