{"id":2824,"date":"2022-04-21T09:01:18","date_gmt":"2022-04-21T09:01:19","guid":{"rendered":"https:\/\/mauricicot.com\/?post_type=product&#038;p=2824"},"modified":"2024-06-05T15:23:19","modified_gmt":"2024-06-05T15:23:19","slug":"lemon-pie-sin-gluten","status":"publish","type":"product","link":"https:\/\/mauricicot.com\/es\/productos-maurici\/lemon-pie-sin-gluten\/","title":{"rendered":"Lemon Pie"},"content":{"rendered":"<p>Uno de los postres m\u00e1s conocidos en todo el mundo. La dulzura del merengue contrasta con el toque \u00e1cido del lim\u00f3n creando un equilibrio perfecto.<br \/>\nNuestra versi\u00f3n en formato individual se compone de una crema de lim\u00f3n rodeada de un suave merengue, que descansa sobre una base de crumble crujiente.<\/p>\n","protected":false},"excerpt":{"rendered":"<h2>Merengue, crema de lim\u00f3n y crumble de almendra<\/h2>\n<p><span style=\"font-size: 10pt;\">Al\u00e9rgenos: almendra, huevo y soja.<br \/>\nPuede contener trazas de otros frutos secos, cacahuete, s\u00e9samo, leche sin lactosa.<br \/>\n<\/span><\/p>\n","protected":false},"featured_media":3037,"template":"","meta":{"_et_pb_use_builder":"","_et_pb_old_content":"","_et_gb_content_width":""},"product_brand":[],"product_cat":[91,90],"product_tag":[93],"class_list":{"0":"post-2824","1":"product","2":"type-product","3":"status-publish","4":"has-post-thumbnail","6":"product_cat-productos-maurici","7":"product_cat-pasteleria","8":"product_tag-recollida","9":"product_shipping_class-recogida-en-llinars-del-valles","11":"first","12":"instock","13":"shipping-taxable","14":"purchasable","15":"product-type-variable"},"_links":{"self":[{"href":"https:\/\/mauricicot.com\/es\/wp-json\/wp\/v2\/product\/2824","targetHints":{"allow":["GET"]}}],"collection":[{"href":"https:\/\/mauricicot.com\/es\/wp-json\/wp\/v2\/product"}],"about":[{"href":"https:\/\/mauricicot.com\/es\/wp-json\/wp\/v2\/types\/product"}],"wp:featuredmedia":[{"embeddable":true,"href":"https:\/\/mauricicot.com\/es\/wp-json\/wp\/v2\/media\/3037"}],"wp:attachment":[{"href":"https:\/\/mauricicot.com\/es\/wp-json\/wp\/v2\/media?parent=2824"}],"wp:term":[{"taxonomy":"product_brand","embeddable":true,"href":"https:\/\/mauricicot.com\/es\/wp-json\/wp\/v2\/product_brand?post=2824"},{"taxonomy":"product_cat","embeddable":true,"href":"https:\/\/mauricicot.com\/es\/wp-json\/wp\/v2\/product_cat?post=2824"},{"taxonomy":"product_tag","embeddable":true,"href":"https:\/\/mauricicot.com\/es\/wp-json\/wp\/v2\/product_tag?post=2824"}],"curies":[{"name":"wp","href":"https:\/\/api.w.org\/{rel}","templated":true}]}}