{"id":2109,"date":"2020-07-28T08:34:57","date_gmt":"2021-05-30T10:29:59","guid":{"rendered":"https:\/\/mauricicot.com\/sin%20categor\u00eda\/brownie\/"},"modified":"2025-08-26T11:03:12","modified_gmt":"2025-08-26T09:03:12","slug":"brownie-cast","status":"publish","type":"product","link":"https:\/\/mauricicot.com\/es\/bolleria\/brownie-cast\/","title":{"rendered":"Brownie"},"content":{"rendered":"<p>El Brownie a d\u00eda de hoy ya es un cl\u00e1sico llegado del otro lado del Atl\u00e1ntico. La combinaci\u00f3n que nunca falla de chocolate con nueces. \u00a1Ideal para una merienda o cualquier celebraci\u00f3n!<\/p>\n","protected":false},"excerpt":{"rendered":"<h2><span style=\"font-size: 24pt;\">Brownie de chocolate con nueces<\/span><\/h2>\n<p><span style=\"font-size: 10pt;\">Al\u00e9rgenos: nueces, huevo y soja.<br \/>\nPuede contener trazas de otros frutos secos, cacahuete, s\u00e9samo, leche sin lactosa.<\/span><\/p>\n","protected":false},"featured_media":2110,"template":"","meta":{"_et_pb_use_builder":"","_et_pb_old_content":"","_et_gb_content_width":""},"product_brand":[],"product_cat":[132,91,90],"product_tag":[93],"class_list":{"0":"post-2109","1":"product","2":"type-product","3":"status-publish","4":"has-post-thumbnail","6":"product_cat-bolleria","7":"product_cat-productos-maurici","8":"product_cat-pasteleria","9":"product_tag-recollida","10":"product_shipping_class-recogida-en-llinars-del-valles","12":"first","13":"instock","14":"shipping-taxable","15":"purchasable","16":"product-type-variable"},"_links":{"self":[{"href":"https:\/\/mauricicot.com\/es\/wp-json\/wp\/v2\/product\/2109","targetHints":{"allow":["GET"]}}],"collection":[{"href":"https:\/\/mauricicot.com\/es\/wp-json\/wp\/v2\/product"}],"about":[{"href":"https:\/\/mauricicot.com\/es\/wp-json\/wp\/v2\/types\/product"}],"wp:featuredmedia":[{"embeddable":true,"href":"https:\/\/mauricicot.com\/es\/wp-json\/wp\/v2\/media\/2110"}],"wp:attachment":[{"href":"https:\/\/mauricicot.com\/es\/wp-json\/wp\/v2\/media?parent=2109"}],"wp:term":[{"taxonomy":"product_brand","embeddable":true,"href":"https:\/\/mauricicot.com\/es\/wp-json\/wp\/v2\/product_brand?post=2109"},{"taxonomy":"product_cat","embeddable":true,"href":"https:\/\/mauricicot.com\/es\/wp-json\/wp\/v2\/product_cat?post=2109"},{"taxonomy":"product_tag","embeddable":true,"href":"https:\/\/mauricicot.com\/es\/wp-json\/wp\/v2\/product_tag?post=2109"}],"curies":[{"name":"wp","href":"https:\/\/api.w.org\/{rel}","templated":true}]}}