{"id":1794,"date":"2020-10-02T14:12:40","date_gmt":"2021-01-13T08:29:07","guid":{"rendered":"https:\/\/mauricicot.com\/sin%20categor\u00eda\/turron-y-limon\/"},"modified":"2025-03-31T11:28:39","modified_gmt":"2025-03-31T11:28:39","slug":"turron-limon","status":"publish","type":"product","link":"https:\/\/mauricicot.com\/es\/productos-maurici\/turron-limon\/","title":{"rendered":"Turr\u00f3n y lim\u00f3n"},"content":{"rendered":"<p>Uno de los pasteles estrella que gusta a todo el mundo. Es un pastel que se puede consumir durante todo el a\u00f1o, el d\u00eda que sea, haga fr\u00edo o calor. Se compone de una mousse de turr\u00f3n de jijona, un interior de crema de lim\u00f3n, una base dacquoise de almendra y galleta de almendra a su alrededor. Se puede comer bien fr\u00edo de nevera, o incluso congelado sac\u00e1ndolo 5 minutos antes del congelador.<\/p>\n","protected":false},"excerpt":{"rendered":"<h2>Mousse de turr\u00f3n de Jijona, crema de lim\u00f3n, dacquoise de almendra y galleta de almendra<\/h2>\n<p><span style=\"font-size: 10pt;\">Al\u00e9rgenos: almendra, huevo y soja.<br \/>\nPuede contener trazas de otros frutos secos, cacahuete, s\u00e9samo, leche sin lactosa.<br \/>\n<\/span><\/p>\n","protected":false},"featured_media":1795,"template":"","meta":{"_et_pb_use_builder":"","_et_pb_old_content":"","_et_gb_content_width":""},"product_brand":[],"product_cat":[91,90],"product_tag":[93],"class_list":{"0":"post-1794","1":"product","2":"type-product","3":"status-publish","4":"has-post-thumbnail","6":"product_cat-productos-maurici","7":"product_cat-pasteleria","8":"product_tag-recollida","9":"product_shipping_class-recogida-en-llinars-del-valles","11":"first","12":"instock","13":"shipping-taxable","14":"purchasable","15":"product-type-variable"},"_links":{"self":[{"href":"https:\/\/mauricicot.com\/es\/wp-json\/wp\/v2\/product\/1794","targetHints":{"allow":["GET"]}}],"collection":[{"href":"https:\/\/mauricicot.com\/es\/wp-json\/wp\/v2\/product"}],"about":[{"href":"https:\/\/mauricicot.com\/es\/wp-json\/wp\/v2\/types\/product"}],"wp:featuredmedia":[{"embeddable":true,"href":"https:\/\/mauricicot.com\/es\/wp-json\/wp\/v2\/media\/1795"}],"wp:attachment":[{"href":"https:\/\/mauricicot.com\/es\/wp-json\/wp\/v2\/media?parent=1794"}],"wp:term":[{"taxonomy":"product_brand","embeddable":true,"href":"https:\/\/mauricicot.com\/es\/wp-json\/wp\/v2\/product_brand?post=1794"},{"taxonomy":"product_cat","embeddable":true,"href":"https:\/\/mauricicot.com\/es\/wp-json\/wp\/v2\/product_cat?post=1794"},{"taxonomy":"product_tag","embeddable":true,"href":"https:\/\/mauricicot.com\/es\/wp-json\/wp\/v2\/product_tag?post=1794"}],"curies":[{"name":"wp","href":"https:\/\/api.w.org\/{rel}","templated":true}]}}