{"id":2747,"date":"2022-03-23T16:39:44","date_gmt":"2022-03-23T16:39:44","guid":{"rendered":"https:\/\/mauricicot.com\/?page_id=2747"},"modified":"2022-08-09T14:19:25","modified_gmt":"2022-08-09T14:19:25","slug":"condiciones-de-compra","status":"publish","type":"page","link":"https:\/\/mauricicot.com\/es\/condiciones-de-compra\/","title":{"rendered":"Condiciones de compra"},"content":{"rendered":"<p>[et_pb_section fb_built=\u00bb1&#8243; _builder_version=\u00bb4.16&#8243; _module_preset=\u00bbdefault\u00bb hover_enabled=\u00bb0&#8243; global_colors_info=\u00bb{}\u00bb sticky_enabled=\u00bb0&#8243;][et_pb_row _builder_version=\u00bb4.16&#8243; _module_preset=\u00bbdefault\u00bb hover_enabled=\u00bb0&#8243; global_colors_info=\u00bb{}\u00bb sticky_enabled=\u00bb0&#8243;][et_pb_column type=\u00bb4_4&#8243; _builder_version=\u00bb4.16&#8243; _module_preset=\u00bbdefault\u00bb global_colors_info=\u00bb{}\u00bb][et_pb_text admin_label=\u00bbCondicions de compra\u00bb _builder_version=\u00bb4.17.6&#8243; _module_preset=\u00bbdefault\u00bb hover_enabled=\u00bb0&#8243; global_colors_info=\u00bb{}\u00bb sticky_enabled=\u00bb0&#8243;]<\/p>\n<h1>Condiciones de compra<\/h1>\n<p>&#8211; Ejecuci\u00f3n del pedido: MAURICI COT BORRAS se compromete a entregar el pedido entre 24 y 72 horas, a partir del d\u00eda siguiente al pedido.<\/p>\n<p>&#8211; La devoluci\u00f3n: El cliente deber\u00e1 devolver o entregar directamente el producto a MAURICI COT BORR\u00c0S, en la direcci\u00f3n CALLE DE LA TECNOLOGIA, 90 08450 LLINARS DEL VALL\u00c8S (BARCELONA), sin demora indebida, y en todo caso en un plazo m\u00e1ximo de catorce d\u00edas naturales a partir de la fecha en que se formalice el derecho de desistimiento del contrato. Se entender\u00e1 cumplido el plazo si el cliente realiza la devoluci\u00f3n del producto antes de la finalizaci\u00f3n del plazo.<br \/>\nEl cliente se har\u00e1 cargo de los costes de la devoluci\u00f3n del producto.<\/p>\n<p>&#8211; Reembolso del pago: El reembolso de las cantidades recibidas por el cliente se realizar\u00e1 utilizando los mismos medios de pago empleados por el cliente, siempre y cuando no se haya dispuesto lo contrario.<br \/>\nMAURICI COT BORR\u00c0S podr\u00e1 retener el reembolso hasta haber recibido el producto, motivo de desistimiento, o hasta que el cliente entregue volante de devoluci\u00f3n del mismo, seg\u00fan qu\u00e9 condici\u00f3n se cumpla primero.<\/p>\n<p>&#8211; Devoluci\u00f3n del producto defectuoso: En caso de que el producto no se encuentre en buen estado y las causas imputables al mismo, no sean consecuencia del cliente ni de la empresa de transporte, \u00e9ste tendr\u00e1 derecho a la devoluci\u00f3n del producto, informando a MAURICI COT BORR\u00c0S del motivo de la devoluci\u00f3n a trav\u00e9s de cualquiera de los medios facilitados en las presentes condiciones de contrataci\u00f3n, y sin coste por el cliente. Esta devoluci\u00f3n por motivo de defecto o mal estado del producto no ser\u00e1 considerada un derecho de desistimiento.<br \/>\nMAURICI COT BORR\u00c0S se compromete a asumir el coste de la devoluci\u00f3n ya restituir el producto por uno nuevo de acuerdo con las condiciones aceptadas en el momento de la venta. Si el cliente desea presentar una reclamaci\u00f3n, el establecimiento MAURICI COT BORR\u00c0S, est\u00e1 situado en la CALLE DE LA TECNOLOG\u00cdA 90 08450, LLINARS DEL VALLES (BARCELONA) o a trav\u00e9s del correo electr\u00f3nico &lt;a href=\u00bbmailto:info@mauricicot.com\u00bb &gt;info@mauricicot.com&lt;\/a&gt;[\/et_pb_text][\/et_pb_column][\/et_pb_row][\/et_pb_section]<\/p>\n","protected":false},"excerpt":{"rendered":"<p>Condiciones de compra &#8211; Ejecuci\u00f3n del pedido: MAURICI COT BORRAS se compromete a entregar el pedido entre 24 y 72 horas, a partir del d\u00eda siguiente al pedido. &#8211; La devoluci\u00f3n: El cliente deber\u00e1 devolver o entregar directamente el producto a MAURICI COT BORR\u00c0S, en la direcci\u00f3n CALLE DE LA TECNOLOGIA, 90 08450 LLINARS DEL [&hellip;]<\/p>\n","protected":false},"author":143,"featured_media":0,"parent":0,"menu_order":0,"comment_status":"closed","ping_status":"closed","template":"","meta":{"_et_pb_use_builder":"on","_et_pb_old_content":"<p>[et_pb_section fb_built=\"1\" _builder_version=\"4.9.10\" _module_preset=\"default\"][et_pb_row _builder_version=\"4.9.10\" _module_preset=\"default\"][et_pb_column _builder_version=\"4.9.10\" _module_preset=\"default\" type=\"4_4\"][et_pb_text _builder_version=\"4.9.10\" _module_preset=\"default\" hover_enabled=\"0\" sticky_enabled=\"0\" admin_label=\"Condicions de compra\"]<\/p><h1>Condicions de compra<\/h1><p>- Execuci\u00f3 de la comanda: MAURICI COT BORR\u00c0S es compromet a entregar la comanda entre 24 i 72 hores, a partir del dia seg\u00fcent de la comanda.<\/p><p>- La devoluci\u00f3: El client haur\u00e0 de tornar o entregar directament el producte a MAURICI COT BORR\u00c0S, a l\u2019adre\u00e7a CARRER DE LA TECNOLOGIA, 90 08450 LLINARS DEL VALL\u00c8S (BARCELONA), sense demora indeguda, i en tot cas en un termini m\u00e0xim de catorze dies naturals a partir de la data en que es formalitzi el dret de desistiment del contracte. S\u2019entendr\u00e0 complert el termini si el client efectua la devoluci\u00f3 del producte abans de la finalitzaci\u00f3 del termini.<br \/>El client es far\u00e0 c\u00e0rrec dels costos de la devoluci\u00f3 del producte.<\/p><p>- Reemborsament del pagament: El reemborsament de les quantitats rebudes pel client es realitzar\u00e0 utilitzant els mateixos mitjans de pagament empletas pel client, sempre i quan no s\u2019hagi disposat el contrari.<br \/>MAURICI COT BORR\u00c0S podr\u00e0 retenir el reemborsament fins haver rebut el producte, motiu de desistiment, o fins que el client entregui volant de devoluci\u00f3 del mateix, segons quina condici\u00f3 es compleixi primer.<\/p><p>- Devoluci\u00f3 del producte defectu\u00f3s: En el cas que el producte no es trobi en bon estat i les causes imputables a aquest, no siguin conseq\u00fcencia del client ni de l\u2019empresa de transport, aquest tindr\u00e0 dret a la devoluci\u00f3 del producte, informant a MAURICI COT BORR\u00c0S del motiu de la devoluci\u00f3 a trav\u00e9s de qualsevol dels mitjans facilitats en les presents condicions de contractaci\u00f3, i sense cost pel client. Aquesta devoluci\u00f3 per motiu de defecte o mal estat del producte no ser\u00e0 considerada un dret de desistiment.<br \/>MAURICI COT BORR\u00c0S es compromet a assumir el cost de la devoluci\u00f3 i a restituir el producte per un de nou d\u2019acord amb les condicions acceptades en el moment de la venda. Si el client desitja presentar una reclamaci\u00f3, l\u2019establiment MAURICI COT BORR\u00c0S, est\u00e0 situat al CARRER DE LA TECNOLOGIA 90 08450, LLINARS DEL VALLES (BARCELONA) o a trav\u00e9s del correu electr\u00f2nic info@mauricicot.com<\/p><p>[\/et_pb_text][\/et_pb_column][\/et_pb_row][\/et_pb_section]<\/p>","_et_gb_content_width":"","footnotes":""},"class_list":["post-2747","page","type-page","status-publish","hentry"],"_links":{"self":[{"href":"https:\/\/mauricicot.com\/es\/wp-json\/wp\/v2\/pages\/2747","targetHints":{"allow":["GET"]}}],"collection":[{"href":"https:\/\/mauricicot.com\/es\/wp-json\/wp\/v2\/pages"}],"about":[{"href":"https:\/\/mauricicot.com\/es\/wp-json\/wp\/v2\/types\/page"}],"author":[{"embeddable":true,"href":"https:\/\/mauricicot.com\/es\/wp-json\/wp\/v2\/users\/143"}],"replies":[{"embeddable":true,"href":"https:\/\/mauricicot.com\/es\/wp-json\/wp\/v2\/comments?post=2747"}],"version-history":[{"count":5,"href":"https:\/\/mauricicot.com\/es\/wp-json\/wp\/v2\/pages\/2747\/revisions"}],"predecessor-version":[{"id":3316,"href":"https:\/\/mauricicot.com\/es\/wp-json\/wp\/v2\/pages\/2747\/revisions\/3316"}],"wp:attachment":[{"href":"https:\/\/mauricicot.com\/es\/wp-json\/wp\/v2\/media?parent=2747"}],"curies":[{"name":"wp","href":"https:\/\/api.w.org\/{rel}","templated":true}]}}