{"id":2514,"date":"2021-10-21T15:11:18","date_gmt":"2021-10-21T15:11:18","guid":{"rendered":"https:\/\/mauricicot.com\/pan\/"},"modified":"2025-01-14T17:38:17","modified_gmt":"2025-01-14T17:38:17","slug":"pan","status":"publish","type":"page","link":"https:\/\/mauricicot.com\/es\/pan\/","title":{"rendered":"Pan"},"content":{"rendered":"<p>[et_pb_section fb_built=\u00bb1&#8243; _builder_version=\u00bb4.16&#8243; background_color=\u00bb#f9f7f4&#8243; global_colors_info=\u00bb{}\u00bb][et_pb_row column_structure=\u00bb1_2,1_2&#8243; disabled_on=\u00bbon|on|on\u00bb _builder_version=\u00bb4.16&#8243; custom_padding=\u00bb0px||0px|\u00bb disabled=\u00bbon\u00bb global_colors_info=\u00bb{}\u00bb][et_pb_column type=\u00bb1_2&#8243; _builder_version=\u00bb4.16&#8243; custom_padding=\u00bb|||\u00bb global_colors_info=\u00bb{}\u00bb custom_padding__hover=\u00bb|||\u00bb][et_pb_text admin_label=\u00bbPa elaborat amb farines naturals\u00bb _builder_version=\u00bb4.16&#8243; header_2_font_size=\u00bb52px\u00bb header_2_font_size_tablet=\u00bb42px\u00bb header_2_font_size_phone=\u00bb38px\u00bb header_2_font_size_last_edited=\u00bbon|phone\u00bb global_colors_info=\u00bb{}\u00bb]<\/p>\n<h2 class=\"banner-title\" style=\"font-family: rufina-bold;\">\u00a1Pan sin gluten, todos los jueves en tu casa!<\/h2>\n<h6 style=\"font-family: 'poppins-medium';\">1. Haz tu pedido antes del martes a las 14.00h. Puedes incluir cualquier otro producto con el icono de transporte marcado.<br \/>\n2. Los mi\u00e9rcoles por la ma\u00f1ana horneamos y cortamos el pan. Por la tarde lo mandamos por MRW.<br \/>\n3. El jueves los recibir\u00e1s en tu casa de 9h a 19h, seg\u00fan recorrido del transportista.<\/h6>\n<p>[\/et_pb_text][\/et_pb_column][et_pb_column type=\u00bb1_2&#8243; _builder_version=\u00bb4.16&#8243; custom_padding=\u00bb|||\u00bb global_colors_info=\u00bb{}\u00bb custom_padding__hover=\u00bb|||\u00bb][et_pb_text admin_label=\u00bbVac\u00edo\u00bb _builder_version=\u00bb4.16&#8243; global_colors_info=\u00bb{}\u00bb][\/et_pb_text][\/et_pb_column][\/et_pb_row][et_pb_row _builder_version=\u00bb4.16&#8243; custom_padding=\u00bb0px||0px|\u00bb global_colors_info=\u00bb{}\u00bb][et_pb_column type=\u00bb4_4&#8243; _builder_version=\u00bb4.16&#8243; custom_padding=\u00bb|||\u00bb global_colors_info=\u00bb{}\u00bb custom_padding__hover=\u00bb|||\u00bb][et_pb_text admin_label=\u00bbPa elaborat amb farines naturals\u00bb _builder_version=\u00bb4.27.4&#8243; header_2_font_size=\u00bb52px\u00bb hover_enabled=\u00bb0&#8243; header_2_font_size_tablet=\u00bb42px\u00bb header_2_font_size_phone=\u00bb38px\u00bb header_2_font_size_last_edited=\u00bbon|phone\u00bb global_colors_info=\u00bb{}\u00bb sticky_enabled=\u00bb0&#8243;]<\/p>\n<h2 class=\"banner-title\" style=\"font-family: rufina-bold;\">\u00a1Pan sin gluten, todos los jueves en tu casa!<\/h2>\n<h6 style=\"font-family: 'poppins-medium';\">Inf\u00f3rmate de c\u00f3mo hacer tu pedido en la p\u00e1gina de inicio.<\/h6>\n<p>[\/et_pb_text][\/et_pb_column][\/et_pb_row][\/et_pb_section][et_pb_section fb_built=\u00bb1&#8243; _builder_version=\u00bb4.16&#8243; global_colors_info=\u00bb{}\u00bb][et_pb_row column_structure=\u00bb1_4,1_4,1_4,1_4&#8243; _builder_version=\u00bb4.16&#8243; background_size=\u00bbinitial\u00bb background_position=\u00bbtop_left\u00bb background_repeat=\u00bbrepeat\u00bb global_colors_info=\u00bb{}\u00bb][et_pb_column type=\u00bb1_4&#8243; _builder_version=\u00bb4.16&#8243; custom_padding=\u00bb|||\u00bb global_colors_info=\u00bb{}\u00bb custom_padding__hover=\u00bb|||\u00bb][et_pb_text admin_label=\u00bbPASTISSERIA\u00bb _builder_version=\u00bb4.16&#8243; header_2_font_size=\u00bb20px\u00bb global_colors_info=\u00bb{}\u00bb]<\/p>\n<h2 style=\"text-align: center; font-family: 'poppins-light'; color: #cfa789;\"><a href=\"https:\/\/mauricicot.com\/es\/pasteles\/\">PASTELER\u00cdA<\/a><\/h2>\n<p>[\/et_pb_text][\/et_pb_column][et_pb_column type=\u00bb1_4&#8243; _builder_version=\u00bb4.16&#8243; custom_padding=\u00bb|||\u00bb global_colors_info=\u00bb{}\u00bb custom_padding__hover=\u00bb|||\u00bb][et_pb_text admin_label=\u00bbREBOSTERIA I BRIOIXERIA\u00bb _builder_version=\u00bb4.16&#8243; header_2_font_size=\u00bb20px\u00bb global_colors_info=\u00bb{}\u00bb]<\/p>\n<h2 style=\"text-align: center; font-family: 'poppins-light'; color: #cfa789;\"><a href=\"https:\/\/mauricicot.com\/es\/reposteria-y-bolleria\/\">REPOSTER\u00cdA Y BOLLER\u00cdA<\/a><\/h2>\n<p>[\/et_pb_text][\/et_pb_column][et_pb_column type=\u00bb1_4&#8243; _builder_version=\u00bb4.16&#8243; custom_padding=\u00bb|||\u00bb global_colors_info=\u00bb{}\u00bb custom_padding__hover=\u00bb|||\u00bb][et_pb_text admin_label=\u00bbXOCOLATA\u00bb _builder_version=\u00bb4.16&#8243; header_2_font_size=\u00bb20px\u00bb global_colors_info=\u00bb{}\u00bb]<\/p>\n<h2 style=\"text-align: center; font-family: 'poppins-light'; color: #cfa789;\"><a href=\"https:\/\/mauricicot.com\/es\/chocolate\/\">CHOCOLATE<\/a><\/h2>\n<p>[\/et_pb_text][\/et_pb_column][et_pb_column type=\u00bb1_4&#8243; _builder_version=\u00bb4.16&#8243; custom_padding=\u00bb|||\u00bb global_colors_info=\u00bb{}\u00bb custom_padding__hover=\u00bb|||\u00bb][et_pb_text admin_label=\u00bbVEGAN\u00bb _builder_version=\u00bb4.16&#8243; header_2_font_size=\u00bb20px\u00bb global_colors_info=\u00bb{}\u00bb]<\/p>\n<h2 style=\"text-align: center; font-family: 'poppins-light'; color: #cfa789;\"><a href=\"https:\/\/mauricicot.com\/es\/vegan\/\">VEGAN<\/a><\/h2>\n<p>[\/et_pb_text][\/et_pb_column][\/et_pb_row][et_pb_row _builder_version=\u00bb4.16&#8243; custom_padding=\u00bb0px||0px|\u00bb global_colors_info=\u00bb{}\u00bb][et_pb_column type=\u00bb4_4&#8243; _builder_version=\u00bb4.16&#8243; custom_padding=\u00bb|||\u00bb global_colors_info=\u00bb{}\u00bb custom_padding__hover=\u00bb|||\u00bb][et_pb_text admin_label=\u00bbPa\u00bb _builder_version=\u00bb4.16&#8243; global_colors_info=\u00bb{}\u00bb]<\/p>\n<h2 style=\"text-align: center; font-family: rufina-bold;\">Pan<\/h2>\n<p>[\/et_pb_text][\/et_pb_column][\/et_pb_row][et_pb_row module_id=\u00bbtienda\u00bb _builder_version=\u00bb4.16&#8243; global_colors_info=\u00bb{}\u00bb][et_pb_column type=\u00bb4_4&#8243; _builder_version=\u00bb4.16&#8243; custom_padding=\u00bb|||\u00bb global_colors_info=\u00bb{}\u00bb custom_padding__hover=\u00bb|||\u00bb][et_pb_shop type=\u00bbproduct_category\u00bb posts_number=\u00bb30&#8243; include_categories=\u00bb136&#8243; columns_number=\u00bb4&#8243; orderby=\u00bbmenu_order\u00bb module_id=\u00bbimagenes-tienda\u00bb _builder_version=\u00bb4.16&#8243; global_colors_info=\u00bb{}\u00bb][\/et_pb_shop][\/et_pb_column][\/et_pb_row][\/et_pb_section]<\/p>\n","protected":false},"excerpt":{"rendered":"<p>\u00a1Pan sin gluten, todos los jueves en tu casa! 1. Haz tu pedido antes del martes a las 14.00h. Puedes incluir cualquier otro producto con el icono de transporte marcado. 2. Los mi\u00e9rcoles por la ma\u00f1ana horneamos y cortamos el pan. Por la tarde lo mandamos por MRW. 3. El jueves los recibir\u00e1s en tu [&hellip;]<\/p>\n","protected":false},"author":3,"featured_media":0,"parent":0,"menu_order":0,"comment_status":"closed","ping_status":"closed","template":"","meta":{"_et_pb_use_builder":"on","_et_pb_old_content":"","_et_gb_content_width":"","footnotes":""},"class_list":["post-2514","page","type-page","status-publish","hentry"],"_links":{"self":[{"href":"https:\/\/mauricicot.com\/es\/wp-json\/wp\/v2\/pages\/2514","targetHints":{"allow":["GET"]}}],"collection":[{"href":"https:\/\/mauricicot.com\/es\/wp-json\/wp\/v2\/pages"}],"about":[{"href":"https:\/\/mauricicot.com\/es\/wp-json\/wp\/v2\/types\/page"}],"author":[{"embeddable":true,"href":"https:\/\/mauricicot.com\/es\/wp-json\/wp\/v2\/users\/3"}],"replies":[{"embeddable":true,"href":"https:\/\/mauricicot.com\/es\/wp-json\/wp\/v2\/comments?post=2514"}],"version-history":[{"count":5,"href":"https:\/\/mauricicot.com\/es\/wp-json\/wp\/v2\/pages\/2514\/revisions"}],"predecessor-version":[{"id":4628,"href":"https:\/\/mauricicot.com\/es\/wp-json\/wp\/v2\/pages\/2514\/revisions\/4628"}],"wp:attachment":[{"href":"https:\/\/mauricicot.com\/es\/wp-json\/wp\/v2\/media?parent=2514"}],"curies":[{"name":"wp","href":"https:\/\/api.w.org\/{rel}","templated":true}]}}