{"id":2483,"date":"2021-10-21T14:33:25","date_gmt":"2021-10-21T14:33:25","guid":{"rendered":"https:\/\/mauricicot.com\/productos\/"},"modified":"2022-10-20T16:26:24","modified_gmt":"2022-10-20T16:26:24","slug":"productos","status":"publish","type":"page","link":"https:\/\/mauricicot.com\/es\/productos\/","title":{"rendered":"Productos"},"content":{"rendered":"<p>[et_pb_section fb_built=\u00bb1&#8243; _builder_version=\u00bb4.16&#8243; background_color=\u00bb#f9f7f4&#8243; global_colors_info=\u00bb{}\u00bb][et_pb_row column_structure=\u00bb1_2,1_2&#8243; disabled_on=\u00bbon|on|on\u00bb _builder_version=\u00bb4.16&#8243; custom_padding=\u00bb0px||0px|\u00bb disabled=\u00bbon\u00bb global_colors_info=\u00bb{}\u00bb][et_pb_column type=\u00bb1_2&#8243; _builder_version=\u00bb4.16&#8243; custom_padding=\u00bb|||\u00bb global_colors_info=\u00bb{}\u00bb custom_padding__hover=\u00bb|||\u00bb][et_pb_text admin_label=\u00bbT\u00edtulo: Productes de pastiserria\u00bb _builder_version=\u00bb4.16&#8243; header_2_font_size=\u00bb52px\u00bb header_2_font_size_tablet=\u00bb42px\u00bb header_2_font_size_phone=\u00bb38px\u00bb header_2_font_size_last_edited=\u00bbon|phone\u00bb global_colors_info=\u00bb{}\u00bb]<\/p>\n<h2 class=\"banner-title\" style=\"font-family: rufina-bold;\">Productos de<\/h2>\n<h2 style=\"font-family: rufina-bold;\">pasteler\u00eda<\/h2>\n<h2 style=\"font-family: rufina-bold;\">elaborada de<\/h2>\n<h2 style=\"font-family: rufina-bold;\">manera artesanal<\/h2>\n<h6 style=\"font-family: 'poppins-medium';\">100% sin gluten y sin lactosa<\/h6>\n<p>[\/et_pb_text][\/et_pb_column][et_pb_column type=\u00bb1_2&#8243; _builder_version=\u00bb4.16&#8243; custom_padding=\u00bb|||\u00bb global_colors_info=\u00bb{}\u00bb custom_padding__hover=\u00bb|||\u00bb][et_pb_text admin_label=\u00bbVac\u00edo\u00bb _builder_version=\u00bb4.16&#8243; global_colors_info=\u00bb{}\u00bb][\/et_pb_text][\/et_pb_column][\/et_pb_row][et_pb_row _builder_version=\u00bb4.16&#8243; custom_padding=\u00bb0px||0px|\u00bb global_colors_info=\u00bb{}\u00bb][et_pb_column type=\u00bb4_4&#8243; _builder_version=\u00bb4.16&#8243; custom_padding=\u00bb|||\u00bb global_colors_info=\u00bb{}\u00bb custom_padding__hover=\u00bb|||\u00bb][et_pb_text admin_label=\u00bbT\u00edtulo: Gaudeix\u00bb _builder_version=\u00bb4.16&#8243; header_2_font_size=\u00bb52px\u00bb header_2_font_size_tablet=\u00bb42px\u00bb header_2_font_size_phone=\u00bb38px\u00bb header_2_font_size_last_edited=\u00bbon|phone\u00bb global_colors_info=\u00bb{}\u00bb]<\/p>\n<h2 class=\"banner-title\" style=\"font-family: rufina-bold;\">Disfruta de la seguridad alimentaria<\/h2>\n<h6 style=\"font-family: 'poppins-medium';\">sin gluten y sin lactosa<\/h6>\n<p>[\/et_pb_text][\/et_pb_column][\/et_pb_row][\/et_pb_section][et_pb_section fb_built=\u00bb1&#8243; _builder_version=\u00bb4.16&#8243; custom_padding=\u00bb||0px|\u00bb global_colors_info=\u00bb{}\u00bb][et_pb_row column_structure=\u00bb1_4,1_4,1_4,1_4&#8243; _builder_version=\u00bb4.16&#8243; background_size=\u00bbinitial\u00bb background_position=\u00bbtop_left\u00bb background_repeat=\u00bbrepeat\u00bb global_colors_info=\u00bb{}\u00bb][et_pb_column type=\u00bb1_4&#8243; _builder_version=\u00bb4.16&#8243; custom_padding=\u00bb|||\u00bb global_colors_info=\u00bb{}\u00bb custom_padding__hover=\u00bb|||\u00bb][et_pb_text admin_label=\u00bbPASTISSERIA\u00bb _builder_version=\u00bb4.16&#8243; global_colors_info=\u00bb{}\u00bb]<\/p>\n<h2 style=\"text-align: center; font-family: 'poppins-light'; color: #cfa789;\"><a href=\"https:\/\/mauricicot.com\/es\/pasteles\/\">PASTELES<\/a><\/h2>\n<p>[\/et_pb_text][\/et_pb_column][et_pb_column type=\u00bb1_4&#8243; _builder_version=\u00bb4.16&#8243; custom_padding=\u00bb|||\u00bb global_colors_info=\u00bb{}\u00bb custom_padding__hover=\u00bb|||\u00bb][et_pb_text admin_label=\u00bbREBOSTERIA I BRIOIXERIA\u00bb _builder_version=\u00bb4.16&#8243; global_colors_info=\u00bb{}\u00bb]<\/p>\n<h2 style=\"text-align: center; font-family: 'poppins-light'; color: #cfa789;\"><a href=\"https:\/\/mauricicot.com\/es\/reposteria-y-bolleria\/\">REPOSTER\u00cdA Y BOLLER\u00cdA<\/a><\/h2>\n<p>[\/et_pb_text][\/et_pb_column][et_pb_column type=\u00bb1_4&#8243; _builder_version=\u00bb4.16&#8243; custom_padding=\u00bb|||\u00bb global_colors_info=\u00bb{}\u00bb custom_padding__hover=\u00bb|||\u00bb][et_pb_text admin_label=\u00bbXOCOLATA\u00bb _builder_version=\u00bb4.16&#8243; global_colors_info=\u00bb{}\u00bb]<\/p>\n<h2 style=\"text-align: center; font-family: 'poppins-light'; color: #cfa789;\"><a href=\"https:\/\/mauricicot.com\/es\/tabletas-de-chocolate\/\">CHOCOLATE<\/a><\/h2>\n<p>[\/et_pb_text][\/et_pb_column][et_pb_column type=\u00bb1_4&#8243; _builder_version=\u00bb4.16&#8243; custom_padding=\u00bb|||\u00bb global_colors_info=\u00bb{}\u00bb custom_padding__hover=\u00bb|||\u00bb][et_pb_text admin_label=\u00bbPRODUCTES DIVERSOS\u00bb _builder_version=\u00bb4.16&#8243; global_colors_info=\u00bb{}\u00bb]<\/p>\n<h2 style=\"text-align: center; font-family: 'poppins-light'; color: #cfa789;\"><a href=\"https:\/\/mauricicot.com\/productes-diversos\/\">PRODUCTOS VARIOS<\/a><\/h2>\n<p>[\/et_pb_text][\/et_pb_column][\/et_pb_row][et_pb_row disabled_on=\u00bbon|on|on\u00bb module_id=\u00bbtodos productos\u00bb _builder_version=\u00bb4.16&#8243; disabled=\u00bbon\u00bb global_colors_info=\u00bb{}\u00bb][et_pb_column type=\u00bb4_4&#8243; _builder_version=\u00bb4.16&#8243; custom_padding=\u00bb|||\u00bb global_colors_info=\u00bb{}\u00bb custom_padding__hover=\u00bb|||\u00bb][et_pb_text disabled_on=\u00bb|off|on\u00bb admin_label=\u00bbCategorias MOVIL\u00bb _builder_version=\u00bb4.16&#8243; global_colors_info=\u00bb{}\u00bb]<\/p>\n<div class=\"categorias_movil\">\n<div><a style=\"font-family: 'poppins-light'; color: #cfa789;\" href=\"https:\/\/mauricicot.com\/pastissos-classics\/\">PASTELES<\/a><\/div>\n<div><a style=\"font-family: 'poppins-light'; color: #cfa789;\" href=\"https:\/\/mauricicot.com\/rebosteria-individual\/\">REPOSTER\u00cdA Y BOLLER\u00cdA<\/a><\/div>\n<div><a style=\"font-family: 'poppins-light'; color: #cfa789;\" href=\"https:\/\/mauricicot.com\/es\/tabletas-de-chocolate\/\">CHOCOLATE<\/a><\/div>\n<div><a style=\"font-family: 'poppins-light'; color: #cfa789;\">VEGAN<\/a><\/div>\n<div><a style=\"font-family: 'poppins-light'; color: #cfa789;\" href=\"https:\/\/mauricicot.com\/sant-joan-2020\/\">FECHAS ESPECIALES<\/a><\/div>\n<\/div>\n<p>[\/et_pb_text][\/et_pb_column][\/et_pb_row][et_pb_row _builder_version=\u00bb4.16&#8243; background_size=\u00bbinitial\u00bb background_position=\u00bbtop_left\u00bb background_repeat=\u00bbrepeat\u00bb global_colors_info=\u00bb{}\u00bb][et_pb_column type=\u00bb4_4&#8243; _builder_version=\u00bb4.16&#8243; custom_padding=\u00bb|||\u00bb global_colors_info=\u00bb{}\u00bb custom_padding__hover=\u00bb|||\u00bb][et_pb_text admin_label=\u00bbT\u00edtulo Pastissos\u00bb _builder_version=\u00bb4.16&#8243; global_colors_info=\u00bb{}\u00bb]<\/p>\n<h2 style=\"font-family: rufina-bold; text-align: center;\">Todos los productos<\/h2>\n<p>[\/et_pb_text][\/et_pb_column][\/et_pb_row][et_pb_row module_id=\u00bbtienda\u00bb _builder_version=\u00bb4.16&#8243; global_colors_info=\u00bb{}\u00bb][et_pb_column type=\u00bb4_4&#8243; _builder_version=\u00bb4.16&#8243; custom_padding=\u00bb|||\u00bb global_colors_info=\u00bb{}\u00bb custom_padding__hover=\u00bb|||\u00bb][et_pb_shop type=\u00bbproduct_category\u00bb posts_number=\u00bb300&#8243; include_categories=\u00bb90,132,95&#8243; columns_number=\u00bb4&#8243; orderby=\u00bbmenu_order\u00bb sale_badge_color=\u00bb#8300e9&#8243; hover_overlay_color=\u00bb#f9f7f4&#8243; module_id=\u00bbimagenes-tienda\u00bb _builder_version=\u00bb4.17.6&#8243; hover_enabled=\u00bb0&#8243; border_radii_image=\u00bbon|100%|100%|100%|100%\u00bb global_colors_info=\u00bb{}\u00bb sticky_enabled=\u00bb0&#8243;][\/et_pb_shop][\/et_pb_column][\/et_pb_row][\/et_pb_section]<\/p>\n","protected":false},"excerpt":{"rendered":"<p>Productos de pasteler\u00eda elaborada de manera artesanal 100% sin gluten y sin lactosa Disfruta de la seguridad alimentaria sin gluten y sin lactosaPASTELESREPOSTER\u00cdA Y BOLLER\u00cdACHOCOLATE PRODUCTOS VARIOS PASTELES REPOSTER\u00cdA Y BOLLER\u00cdA CHOCOLATE VEGAN FECHAS ESPECIALES Todos los productos<\/p>\n","protected":false},"author":143,"featured_media":0,"parent":0,"menu_order":0,"comment_status":"closed","ping_status":"closed","template":"","meta":{"_et_pb_use_builder":"on","_et_pb_old_content":"","_et_gb_content_width":"","footnotes":""},"class_list":["post-2483","page","type-page","status-publish","hentry"],"_links":{"self":[{"href":"https:\/\/mauricicot.com\/es\/wp-json\/wp\/v2\/pages\/2483","targetHints":{"allow":["GET"]}}],"collection":[{"href":"https:\/\/mauricicot.com\/es\/wp-json\/wp\/v2\/pages"}],"about":[{"href":"https:\/\/mauricicot.com\/es\/wp-json\/wp\/v2\/types\/page"}],"author":[{"embeddable":true,"href":"https:\/\/mauricicot.com\/es\/wp-json\/wp\/v2\/users\/143"}],"replies":[{"embeddable":true,"href":"https:\/\/mauricicot.com\/es\/wp-json\/wp\/v2\/comments?post=2483"}],"version-history":[{"count":6,"href":"https:\/\/mauricicot.com\/es\/wp-json\/wp\/v2\/pages\/2483\/revisions"}],"predecessor-version":[{"id":3480,"href":"https:\/\/mauricicot.com\/es\/wp-json\/wp\/v2\/pages\/2483\/revisions\/3480"}],"wp:attachment":[{"href":"https:\/\/mauricicot.com\/es\/wp-json\/wp\/v2\/media?parent=2483"}],"curies":[{"name":"wp","href":"https:\/\/api.w.org\/{rel}","templated":true}]}}