{"id":1862,"date":"2020-07-09T10:57:51","date_gmt":"2020-07-09T10:57:51","guid":{"rendered":"https:\/\/mauricicot.com\/contacte\/"},"modified":"2024-11-27T10:37:52","modified_gmt":"2024-11-27T10:37:52","slug":"contacte","status":"publish","type":"page","link":"https:\/\/mauricicot.com\/es\/contacte\/","title":{"rendered":"Contacto"},"content":{"rendered":"<p>[et_pb_section fb_built=\u00bb1&#8243; module_id=\u00bbtitle-contate\u00bb _builder_version=\u00bb4.16&#8243; background_color=\u00bb#f9f7f4&#8243; global_colors_info=\u00bb{}\u00bb][et_pb_row column_structure=\u00bb1_2,1_2&#8243; module_id=\u00bbbanner-contacto\u00bb _builder_version=\u00bb4.16&#8243; custom_css_main_element=\u00bbdisplay: flex;||align-items: center;\u00bb global_colors_info=\u00bb{}\u00bb][et_pb_column type=\u00bb1_2&#8243; _builder_version=\u00bb4.16&#8243; custom_padding=\u00bb|||\u00bb global_colors_info=\u00bb{}\u00bb custom_padding__hover=\u00bb|||\u00bb][et_pb_text admin_label=\u00bbSempre al vostre sevei\u00bb _builder_version=\u00bb4.16&#8243; header_2_font_size=\u00bb52px\u00bb header_2_font_size_tablet=\u00bb42px\u00bb header_2_font_size_phone=\u00bb38px\u00bb header_2_font_size_last_edited=\u00bbon|phone\u00bb global_colors_info=\u00bb{}\u00bb]<\/p>\n<h2 class=\"title-contacto\" style=\"font-family: rufina-bold;\">Siempre a tu servicio<\/h2>\n<p>\u00a1Contacta con nosotros!<\/p>\n<p> [\/et_pb_text][\/et_pb_column][et_pb_column type=\u00bb1_2&#8243; _builder_version=\u00bb4.16&#8243; custom_padding=\u00bb|||\u00bb global_colors_info=\u00bb{}\u00bb custom_padding__hover=\u00bb|||\u00bb][et_pb_text admin_label=\u00bbImagen Cookies\u00bb _builder_version=\u00bb4.16&#8243; global_colors_info=\u00bb{}\u00bb]<\/p>\n<p><img loading=\"lazy\" decoding=\"async\" class=\"aligncenter wp-image-1863 size-full\" src=\"https:\/\/mauricicot.com\/wp-content\/uploads\/2020\/08\/imatges_WEB-Maurici-Cot-03-1.png\" alt=\"\" width=\"4000\" height=\"1145\" srcset=\"https:\/\/mauricicot.com\/wp-content\/uploads\/2020\/08\/imatges_WEB-Maurici-Cot-03-1.png 4000w, https:\/\/mauricicot.com\/wp-content\/uploads\/2020\/08\/imatges_WEB-Maurici-Cot-03-1-300x86.png 300w, https:\/\/mauricicot.com\/wp-content\/uploads\/2020\/08\/imatges_WEB-Maurici-Cot-03-1-1024x293.png 1024w, https:\/\/mauricicot.com\/wp-content\/uploads\/2020\/08\/imatges_WEB-Maurici-Cot-03-1-768x220.png 768w, https:\/\/mauricicot.com\/wp-content\/uploads\/2020\/08\/imatges_WEB-Maurici-Cot-03-1-1536x440.png 1536w, https:\/\/mauricicot.com\/wp-content\/uploads\/2020\/08\/imatges_WEB-Maurici-Cot-03-1-2048x586.png 2048w, https:\/\/mauricicot.com\/wp-content\/uploads\/2020\/08\/imatges_WEB-Maurici-Cot-03-1-1080x309.png 1080w, https:\/\/mauricicot.com\/wp-content\/uploads\/2020\/08\/imatges_WEB-Maurici-Cot-03-1-600x172.png 600w\" sizes=\"(max-width: 4000px) 100vw, 4000px\" \/><\/p>\n<p>[\/et_pb_text][\/et_pb_column][\/et_pb_row][\/et_pb_section][et_pb_section fb_built=\u00bb1&#8243; _builder_version=\u00bb4.16&#8243; global_colors_info=\u00bb{}\u00bb][et_pb_row custom_padding_last_edited=\u00bbon|desktop\u00bb disabled_on=\u00bbon|on|on\u00bb _builder_version=\u00bb4.16&#8243; custom_padding_tablet=\u00bb0px||0px|\u00bb custom_padding_phone=\u00bb\u00bb disabled=\u00bbon\u00bb global_colors_info=\u00bb{}\u00bb][et_pb_column type=\u00bb4_4&#8243; _builder_version=\u00bb4.16&#8243; custom_padding=\u00bb|||\u00bb global_colors_info=\u00bb{}\u00bb custom_padding__hover=\u00bb|||\u00bb][et_pb_text admin_label=\u00bbBotiga\u00bb _builder_version=\u00bb4.16&#8243; custom_margin_last_edited=\u00bboff|desktop\u00bb global_colors_info=\u00bb{}\u00bb]<\/p>\n<h2 style=\"text-align: center; font-family: rufina-bold;\">Tienda Vic<\/h2>\n<p>[\/et_pb_text][\/et_pb_column][\/et_pb_row][et_pb_row column_structure=\u00bb1_2,1_2&#8243; custom_padding_last_edited=\u00bbon|tablet\u00bb disabled_on=\u00bbon|on|on\u00bb _builder_version=\u00bb4.16&#8243; custom_padding_tablet=\u00bb0px|||\u00bb custom_padding_phone=\u00bb\u00bb disabled=\u00bbon\u00bb global_colors_info=\u00bb{}\u00bb][et_pb_column type=\u00bb1_2&#8243; _builder_version=\u00bb4.16&#8243; custom_padding=\u00bb|||\u00bb global_colors_info=\u00bb{}\u00bb custom_padding__hover=\u00bb|||\u00bb][et_pb_text admin_label=\u00bbContacte\u00bb _builder_version=\u00bb4.17.6&#8243; global_colors_info=\u00bb{}\u00bb]<\/p>\n<div class=\"box-contacte\">\n<h2 style=\"color: #cfa789; font-family: 'poppins-regular';\">Contacto<\/h2>\n<div>621 274 401<br \/>Pla\u00e7a Major, 35 local 5<br \/>08500 Vic, Barcelona<\/div>\n<\/div>\n<p>[\/et_pb_text][\/et_pb_column][et_pb_column type=\u00bb1_2&#8243; _builder_version=\u00bb4.16&#8243; custom_padding=\u00bb|||\u00bb global_colors_info=\u00bb{}\u00bb custom_padding__hover=\u00bb|||\u00bb][et_pb_text admin_label=\u00bbHorari\u00bb _builder_version=\u00bb4.16&#8243; global_colors_info=\u00bb{}\u00bb]<\/p>\n<div class=\"box-horari\">\n<h2 style=\"color: #cfa789; font-family: 'poppins-regular';\">Horario<\/h2>\n<div>S\u00e1bados: 10.00-14.00h \/ 17.00-20.00h<br \/>\nDe Domingo a Viernes: Cerrado<\/div>\n<\/div>\n<p>[\/et_pb_text][\/et_pb_column][\/et_pb_row][et_pb_row disabled_on=\u00bbon|on|on\u00bb _builder_version=\u00bb4.16&#8243; width=\u00bb100%\u00bb max_width=\u00bb100%\u00bb use_custom_width=\u00bbon\u00bb width_unit=\u00bboff\u00bb custom_width_percent=\u00bb100%\u00bb disabled=\u00bbon\u00bb global_colors_info=\u00bb{}\u00bb][et_pb_column type=\u00bb4_4&#8243; _builder_version=\u00bb4.16&#8243; custom_padding=\u00bb|||\u00bb global_colors_info=\u00bb{}\u00bb custom_padding__hover=\u00bb|||\u00bb][et_pb_code admin_label=\u00bbMapa Vic\u00bb _builder_version=\u00bb4.16&#8243; text_orientation=\u00bbcenter\u00bb global_colors_info=\u00bb{}\u00bb]<\/p>\n<div style=\"text-align: center; -webkit-filter: grayscale(100%); filter: grayscale(100%);\"><!-- [et_pb_line_break_holder] --><iframe loading=\"lazy\" style=\"border: 0;\" tabindex=\"0\" src=\"https:\/\/www.google.com\/maps\/embed?pb=!1m18!1m12!1m3!1d2968.2489962928344!2d2.252474915682895!3d41.93050062011211!2m3!1f0!2f0!3f0!3m2!1i1024!2i768!4f13.1!3m3!1m2!1s0x12a5271b4227e907%3A0xfaa9e61f773bf41c!2sMaurici%20Cot%20Vic!5e0!3m2!1ses!2ses!4v1595341409617!5m2!1ses!2ses\" width=\"100%\" height=\"450\" frameborder=\"0\" allowfullscreen=\"allowfullscreen\" aria-hidden=\"false\"><\/iframe><!-- [et_pb_line_break_holder] --><\/div>\n<p>[\/et_pb_code][\/et_pb_column][\/et_pb_row][et_pb_row custom_padding_last_edited=\u00bbon|tablet\u00bb _builder_version=\u00bb4.16&#8243; custom_padding_tablet=\u00bb0px||0px|\u00bb custom_padding_phone=\u00bb\u00bb global_colors_info=\u00bb{}\u00bb][et_pb_column type=\u00bb4_4&#8243; _builder_version=\u00bb4.16&#8243; custom_padding=\u00bb|||\u00bb global_colors_info=\u00bb{}\u00bb custom_padding__hover=\u00bb|||\u00bb][et_pb_text admin_label=\u00bbObrador\u00bb _builder_version=\u00bb4.16&#8243; global_colors_info=\u00bb{}\u00bb]<\/p>\n<h2 style=\"text-align: center; font-family: rufina-bold;\">Obrador Llinars del Vall\u00e8s<\/h2>\n<p>[\/et_pb_text][\/et_pb_column][\/et_pb_row][et_pb_row column_structure=\u00bb1_2,1_2&#8243; custom_padding_last_edited=\u00bbon|tablet\u00bb _builder_version=\u00bb4.16&#8243; custom_padding_tablet=\u00bb0px|||\u00bb custom_padding_phone=\u00bb\u00bb global_colors_info=\u00bb{}\u00bb][et_pb_column type=\u00bb1_2&#8243; _builder_version=\u00bb4.16&#8243; custom_padding=\u00bb|||\u00bb global_colors_info=\u00bb{}\u00bb custom_padding__hover=\u00bb|||\u00bb][et_pb_text admin_label=\u00bbContacte\u00bb _builder_version=\u00bb4.16&#8243; global_colors_info=\u00bb{}\u00bb]<\/p>\n<div class=\"box-contacte\">\n<h2 style=\"color: #cfa789; font-family: 'poppins-regular';\">Contacto<\/h2>\n<div>T\/ 937 323 069 \u00b7 628 100 658<br \/>\nC. de la Qu\u00edmica, 7. P. I. El Mogent A7 Llinars Park<br \/>\n08450 Llinars del Vall\u00e8s, Barcelona<\/div>\n<\/div>\n<p>[\/et_pb_text][\/et_pb_column][et_pb_column type=\u00bb1_2&#8243; _builder_version=\u00bb4.16&#8243; custom_padding=\u00bb|||\u00bb global_colors_info=\u00bb{}\u00bb custom_padding__hover=\u00bb|||\u00bb][et_pb_text admin_label=\u00bbHorari\u00bb _builder_version=\u00bb4.22.0&#8243; hover_enabled=\u00bb0&#8243; global_colors_info=\u00bb{}\u00bb sticky_enabled=\u00bb0&#8243;]<\/p>\n<div class=\"box-horari\">\n<h2 style=\"color: #cfa789; font-family: 'poppins-regular';\">Horario<\/h2>\n<div>De mi\u00e9rcoles a viernes: 9.00-14.00h \/ 17.00-20.00h<br \/>S\u00e1bados y domingos: 10.00-14.00h \/ tardes cerrado<br \/>Lunes y martes: Cerrado<\/div>\n<\/div>\n<p>[\/et_pb_text][\/et_pb_column][\/et_pb_row][et_pb_row _builder_version=\u00bb4.16&#8243; width=\u00bb100%\u00bb max_width=\u00bb100%\u00bb use_custom_width=\u00bbon\u00bb width_unit=\u00bboff\u00bb custom_width_percent=\u00bb100%\u00bb global_colors_info=\u00bb{}\u00bb][et_pb_column type=\u00bb4_4&#8243; _builder_version=\u00bb4.16&#8243; custom_padding=\u00bb|||\u00bb global_colors_info=\u00bb{}\u00bb custom_padding__hover=\u00bb|||\u00bb][et_pb_code admin_label=\u00bbMapa Llinars\u00bb _builder_version=\u00bb4.16&#8243; text_orientation=\u00bbcenter\u00bb global_colors_info=\u00bb{}\u00bb]<\/p>\n<div style=\"text-align: center; -webkit-filter: grayscale(100%); filter: grayscale(100%);\"><!-- [et_pb_line_break_holder] --><iframe loading=\"lazy\" style=\"border: 0;\" tabindex=\"0\" src=\"https:\/\/www.google.com\/maps\/embed?pb=!1m18!1m12!1m3!1d2982.2487379135277!2d2.3741740656759913!3d41.62875463895965!2m3!1f0!2f0!3f0!3m2!1i1024!2i768!4f13.1!3m3!1m2!1s0x0%3A0x9ed9f7ca9908fed4!2sMaurici%20Cot!5e0!3m2!1ses!2ses!4v1595341784585!5m2!1ses!2ses\" width=\"100%\" height=\"450\" frameborder=\"0\" allowfullscreen=\"allowfullscreen\" aria-hidden=\"false\"><\/iframe><!-- [et_pb_line_break_holder] --><\/div>\n<p>[\/et_pb_code][\/et_pb_column][\/et_pb_row][\/et_pb_section][et_pb_section fb_built=\u00bb1&#8243; _builder_version=\u00bb4.16&#8243; background_color=\u00bb#000000&#8243; global_colors_info=\u00bb{}\u00bb][et_pb_row column_structure=\u00bb1_2,1_2&#8243; _builder_version=\u00bb4.16&#8243; background_size=\u00bbinitial\u00bb background_position=\u00bbtop_left\u00bb background_repeat=\u00bbrepeat\u00bb global_colors_info=\u00bb{}\u00bb][et_pb_column type=\u00bb1_2&#8243; _builder_version=\u00bb4.16&#8243; custom_padding=\u00bb|||\u00bb global_colors_info=\u00bb{}\u00bb custom_padding__hover=\u00bb|||\u00bb][et_pb_text admin_label=\u00bbEscriu-nos!\u00bb _builder_version=\u00bb4.16&#8243; global_colors_info=\u00bb{}\u00bb]<\/p>\n<h2 style=\"font-family: rufina-bold; color: #ffffff;\">_\u00a1Escr\u00edbenos!<\/h2>\n<p>[\/et_pb_text][et_pb_code admin_label=\u00bbFormulario de contacto\u00bb _builder_version=\u00bb4.17.6&#8243; global_colors_info=\u00bb{}\u00bb]<pee>\n<div class=\"wpcf7 no-js\" id=\"wpcf7-f3387-o1\" lang=\"ca\" dir=\"ltr\" data-wpcf7-id=\"3387\">\n<div class=\"screen-reader-response\"><p role=\"status\" aria-live=\"polite\" aria-atomic=\"true\"><\/p> <ul><\/ul><\/div>\n<form action=\"\/es\/wp-json\/wp\/v2\/pages\/1862#wpcf7-f3387-o1\" method=\"post\" class=\"wpcf7-form init\" aria-label=\"Formulari de contacte\" novalidate=\"novalidate\" data-status=\"init\">\n<fieldset class=\"hidden-fields-container\"><input type=\"hidden\" name=\"_wpcf7\" value=\"3387\" \/><input type=\"hidden\" name=\"_wpcf7_version\" value=\"6.1\" \/><input type=\"hidden\" name=\"_wpcf7_locale\" value=\"ca\" \/><input type=\"hidden\" name=\"_wpcf7_unit_tag\" value=\"wpcf7-f3387-o1\" \/><input type=\"hidden\" name=\"_wpcf7_container_post\" value=\"0\" \/><input type=\"hidden\" name=\"_wpcf7_posted_data_hash\" value=\"\" \/><input type=\"hidden\" name=\"_wpcf7_recaptcha_response\" value=\"\" \/>\n<\/fieldset>\n<div class=\"formulario\">\n\t<div class=\"nombre\">\n\t\t<p><label><span class=\"wpcf7-form-control-wrap\" data-name=\"your-name\"><input size=\"40\" maxlength=\"400\" class=\"wpcf7-form-control wpcf7-text wpcf7-validates-as-required name\" aria-required=\"true\" aria-invalid=\"false\" value=\"\" type=\"text\" name=\"your-name\" \/><\/span> Nombre<\/label>\n\t\t<\/p>\n\t<\/div>\n\t<div class=\"email\">\n\t\t<p><label> <span class=\"wpcf7-form-control-wrap\" data-name=\"your-email\"><input size=\"40\" maxlength=\"400\" class=\"wpcf7-form-control wpcf7-email wpcf7-validates-as-required wpcf7-text wpcf7-validates-as-email email\" aria-required=\"true\" aria-invalid=\"false\" value=\"\" type=\"email\" name=\"your-email\" \/><\/span> Email<\/label>\n\t\t<\/p>\n\t<\/div>\n\t<div class=\"telefono\">\n\t\t<p><label><span class=\"wpcf7-form-control-wrap\" data-name=\"telefono\"><input size=\"40\" maxlength=\"400\" class=\"wpcf7-form-control wpcf7-tel wpcf7-text wpcf7-validates-as-tel telefono\" aria-invalid=\"false\" value=\"\" type=\"tel\" name=\"telefono\" \/><\/span> Tel\u00e9fono<\/label>\n\t\t<\/p>\n\t<\/div>\n\t<div class=\"asunto\">\n\t\t<p><label><span class=\"wpcf7-form-control-wrap\" data-name=\"your-subject\"><input size=\"40\" maxlength=\"400\" class=\"wpcf7-form-control wpcf7-text\" aria-invalid=\"false\" value=\"\" type=\"text\" name=\"your-subject\" \/><\/span> Asunto<\/label>\n\t\t<\/p>\n\t<\/div>\n\t<div class=\"text-area\">\n\t\t<p><label><span class=\"wpcf7-form-control-wrap\" data-name=\"textarea\"><textarea cols=\"40\" rows=\"10\" maxlength=\"2000\" class=\"wpcf7-form-control wpcf7-textarea textarea\" aria-invalid=\"false\" name=\"textarea\">\u00bfC\u00f3mo podemos ayudarte?<\/textarea><\/span> <\/label>\n\t\t<\/p>\n\t<\/div>\n\t<div class=\"aceptar_politica\">\n\t\t<p><span class=\"aceptme\"><span class=\"wpcf7-form-control-wrap\" data-name=\"acceptance-279\"><span class=\"wpcf7-form-control wpcf7-acceptance\"><span class=\"wpcf7-list-item\"><input type=\"checkbox\" name=\"acceptance-279\" value=\"1\" aria-invalid=\"false\" \/><\/span><\/span><\/span> Estoy de acuerdo con los <a target=\"_blank\" rel=\"nofollow noopener noreferrer\" href=\"https:\/\/mauricicot.com\/es\/politica-de-cookies\/\"><strong>t\u00e9rminos y condiciones de uso<\/strong><\/a> y la <a target=\"_blank\" rel=\"nofollow noopener noreferrer\" href=\"https:\/\/mauricicot.com\/es\/politica-de-privacidad\/\"><strong>pol\u00edtica de privacidad<\/strong><\/a>.<\/span><br \/>\n<span class=\"aceptar_enviar\"><a target=\"_blank\" href=\"#\"><strong><span class=\"wpcf7-form-control-wrap\" data-name=\"checkbox-719\"><span class=\"wpcf7-form-control wpcf7-checkbox\"><span class=\"wpcf7-list-item first last\"><input type=\"checkbox\" name=\"checkbox-719[]\" value=\"Acepto recibir la informaci\u00f3n que la entidad considere oportuno enviarme por correo electr\u00f3nico o medio de comunicaci\u00f3n electr\u00f3nica equivalente. (Es posible darse de baja en cualquier momento).\" \/><span class=\"wpcf7-list-item-label\">Acepto recibir la informaci\u00f3n que la entidad considere oportuno enviarme por correo electr\u00f3nico o medio de comunicaci\u00f3n electr\u00f3nica equivalente. (Es posible darse de baja en cualquier momento).<\/span><\/span><\/span><\/span><\/strong><\/a><\/span>\n\t\t<\/p>\n\t\t<div class=\"enviar_submit\">\n\t\t\t<p><input class=\"wpcf7-form-control wpcf7-submit has-spinner\" type=\"submit\" value=\"ENVIAR\" \/>\n\t\t\t<\/p>\n\t\t<\/div>\n\t<\/div>\n<\/div><input type='hidden' class='wpcf7-pum' value='{\"closepopup\":false,\"closedelay\":0,\"openpopup\":false,\"openpopup_id\":0}' \/><div class=\"wpcf7-response-output\" aria-hidden=\"true\"><\/div>\n<\/form>\n<\/div>\n<\/pee>[\/et_pb_code][\/et_pb_column][et_pb_column type=\u00bb1_2&#8243; _builder_version=\u00bb4.16&#8243; custom_padding=\u00bb|||\u00bb global_colors_info=\u00bb{}\u00bb custom_padding__hover=\u00bb|||\u00bb][et_pb_text admin_label=\u00bb\u00a1S\u00edguenos!_\u00bb _builder_version=\u00bb4.17.6&#8243; global_colors_info=\u00bb{}\u00bb]<\/p>\n<h2 style=\"font-family: rufina-bold; color: #ffffff;\">\u00a1S\u00edguenos!_<\/h2>\n<p>[\/et_pb_text][et_pb_text admin_label=\u00bb@mauricicot, IMG Facebook y IMG Instagram\u00bb _builder_version=\u00bb4.17.6&#8243; global_colors_info=\u00bb{}\u00bb]<\/p>\n<div>\n<p><span style=\"color: #ffffff; font-family: 'poppins-light';\">@mauricicot<\/span><\/p>\n<div style=\"display: flex;\">\n<div><a href=\"https:\/\/es-es.facebook.com\/mauricicot\" target=\"_blanck\" rel=\"noopener noreferrer\"><br \/>\n<img decoding=\"async\" src=\"https:\/\/mauricicot.com\/wp-content\/uploads\/2020\/07\/sobre-fons-FOSC_facebook_WEB-Maurici-Cot.png\" alt=\"Facebook\" \/><br \/>\n<\/a><\/div>\n<div><a href=\"https:\/\/www.instagram.com\/mauricicot\/?hl=es\" target=\"_blanck\" rel=\"noopener noreferrer\"><br \/>\n<img decoding=\"async\" src=\"https:\/\/mauricicot.com\/wp-content\/uploads\/2020\/07\/sobre-fons-FOSC_INSTAGRAM_WEB-Maurici-Cot.png\" alt=\"Instagram\" \/><br \/>\n<\/a><\/div>\n<\/div>\n<\/div>\n<p>[\/et_pb_text][et_pb_sidebar area=\u00bbsidebar-1&#8243; admin_label=\u00bbNewsletter\u00bb module_id=\u00bbcontact-newsletter\u00bb _builder_version=\u00bb4.16&#8243; custom_margin=\u00bb||0px||false|false\u00bb global_colors_info=\u00bb{}\u00bb][\/et_pb_sidebar][et_pb_text admin_label=\u00bbPol\u00edtica de privacitat de Newsletter\u00bb _builder_version=\u00bb4.16&#8243; _module_preset=\u00bbdefault\u00bb custom_padding=\u00bb0px|0px|0px|0px|false|false\u00bb global_colors_info=\u00bb{}\u00bb]<\/p>\n<ul>\n<li><a style=\"color: #ffffff;\" href=\"https:\/\/mauricicot.com\/es\/politica-de-newsletter\/\">Pol\u00edtica de privacidad de Newsletter<\/a><\/li>\n<\/ul>\n<p>[\/et_pb_text][\/et_pb_column][\/et_pb_row][\/et_pb_section]<\/p>\n","protected":false},"excerpt":{"rendered":"<p>Siempre a tu servicio \u00a1Contacta con nosotros! Tienda Vic Contacto 621 274 401Pla\u00e7a Major, 35 local 508500 Vic, Barcelona Horario S\u00e1bados: 10.00-14.00h \/ 17.00-20.00h De Domingo a Viernes: Cerrado Obrador Llinars del Vall\u00e8s Contacto T\/ 937 323 069 \u00b7 628 100 658 C. de la Qu\u00edmica, 7. P. I. El Mogent A7 Llinars Park 08450 [&hellip;]<\/p>\n","protected":false},"author":143,"featured_media":0,"parent":0,"menu_order":0,"comment_status":"closed","ping_status":"closed","template":"","meta":{"_et_pb_use_builder":"on","_et_pb_old_content":"","_et_gb_content_width":"","footnotes":""},"class_list":["post-1862","page","type-page","status-publish","hentry"],"_links":{"self":[{"href":"https:\/\/mauricicot.com\/es\/wp-json\/wp\/v2\/pages\/1862","targetHints":{"allow":["GET"]}}],"collection":[{"href":"https:\/\/mauricicot.com\/es\/wp-json\/wp\/v2\/pages"}],"about":[{"href":"https:\/\/mauricicot.com\/es\/wp-json\/wp\/v2\/types\/page"}],"author":[{"embeddable":true,"href":"https:\/\/mauricicot.com\/es\/wp-json\/wp\/v2\/users\/143"}],"replies":[{"embeddable":true,"href":"https:\/\/mauricicot.com\/es\/wp-json\/wp\/v2\/comments?post=1862"}],"version-history":[{"count":14,"href":"https:\/\/mauricicot.com\/es\/wp-json\/wp\/v2\/pages\/1862\/revisions"}],"predecessor-version":[{"id":4494,"href":"https:\/\/mauricicot.com\/es\/wp-json\/wp\/v2\/pages\/1862\/revisions\/4494"}],"wp:attachment":[{"href":"https:\/\/mauricicot.com\/es\/wp-json\/wp\/v2\/media?parent=1862"}],"curies":[{"name":"wp","href":"https:\/\/api.w.org\/{rel}","templated":true}]}}